{"id":12540,"date":"2019-09-10T18:45:05","date_gmt":"2019-09-10T16:45:05","guid":{"rendered":"http:\/\/www.langages.ch\/blog\/?page_id=12540"},"modified":"2019-11-09T19:17:57","modified_gmt":"2019-11-09T18:17:57","slug":"pages","status":"publish","type":"page","link":"https:\/\/www.carillons.ch\/blog\/plan-du-site\/pages\/","title":{"rendered":"Pages"},"content":{"rendered":"\n<!-- begin list -->\n<div id=\"mcTagMap\" class=\" toggleNo  no\">\n<div class=\"holdinner\">\n<div class=\"responsive\">\n\n<div class=\"tagindex\">\n<h4 id=\"mctm1-A\">A<\/h4>\n<ul class=\"links\">\n<li><a title=\"aacc-carillon-de-chantemerle\" href=\"https:\/\/www.carillons.ch\/blog\/associations\/aacc-carillon-de-chantemerle\/\">aacc-carillon-de-chantemerle <\/a><span class=\"tagDescription\"><\/span><\/li>\n<li><a title=\"Abbaye de Montheron\" href=\"https:\/\/www.carillons.ch\/blog\/abbaye-de-montheron\/\">Abbaye de Montheron <\/a><span class=\"tagDescription\">L'association des Amis de l'Abbaye de Montheron a \u00e9t\u00e9 fond\u00e9e le 25 mars 1993. Elle vous accueille dans le cadre bucolique de la vall\u00e9e de Montheron et du Talent, choisie par les moines cisterciens en 1145 pour y \u00e9tablir leur abbaye.<\/span><\/li>\n<li><a title=\"Adresses\" href=\"https:\/\/www.carillons.ch\/blog\/adresses\/\">Adresses <\/a><span class=\"tagDescription\"><\/span><\/li>\n<li><a title=\"Articles\" href=\"https:\/\/www.carillons.ch\/blog\/plan-du-site\/articles\/\">Articles <\/a><span class=\"tagDescription\"><\/span><\/li>\n<li><a title=\"Articles r\u00e9cents\" href=\"https:\/\/www.carillons.ch\/blog\/articles-recents\/\">Articles r\u00e9cents <\/a><span class=\"tagDescription\"><\/span><\/li>\n<li><a title=\"Associations\" href=\"https:\/\/www.carillons.ch\/blog\/associations\/\">Associations <\/a><span class=\"tagDescription\"><\/span><\/li>\n<\/ul>\n<\/div>\n<div class=\"tagindex\">\n<h4 id=\"mctm1-B\">B<\/h4>\n<ul class=\"links\">\n<li><a title=\"Boutique\" href=\"https:\/\/www.carillons.ch\/blog\/contact\/boutique\/\">Boutique <\/a><span class=\"tagDescription\"><\/span><\/li>\n<\/ul>\n<\/div>\n<div class=\"tagindex\">\n<h4 id=\"mctm1-C\">C<\/h4>\n<ul class=\"links\">\n<li><a title=\"Carillon\" href=\"https:\/\/www.carillons.ch\/blog\/carillon\/\">Carillon <\/a><span class=\"tagDescription\">Sonneries dans les airs, voix du ciel, un oiseau !<\/span><\/li>\n<li><a title=\"Carillon de Chantemerle\" href=\"https:\/\/www.carillons.ch\/blog\/aacc-carillon-de-chantemerle\/\">Carillon de Chantemerle <\/a><span class=\"tagDescription\"><\/span><\/li>\n<li><a title=\"Cat\u00e9gories\" href=\"https:\/\/www.carillons.ch\/blog\/plan-du-site\/categories\/\">Cat\u00e9gories <\/a><span class=\"tagDescription\"><\/span><\/li>\n<li><a title=\"Cat\u00e9gories d'\u00e9v\u00e9nements\" href=\"https:\/\/www.carillons.ch\/blog\/plan-du-site\/categories-devenements\/\">Cat\u00e9gories d'\u00e9v\u00e9nements <\/a><span class=\"tagDescription\"><\/span><\/li>\n<li><a title=\"Clavecin\" href=\"https:\/\/www.carillons.ch\/blog\/clavecin\/\">Clavecin <\/a><span class=\"tagDescription\"><\/span><\/li>\n<li><a title=\"Conf\u00e9d\u00e9ration Suisse OFC Culture\" href=\"https:\/\/www.carillons.ch\/blog\/confederation-suisse-ofc-culture\/\">Conf\u00e9d\u00e9ration Suisse OFC Culture <\/a><span class=\"tagDescription\"><\/span><\/li>\n<li><a title=\"Conseil de l'Europe, itin\u00e9raires culturels\" href=\"https:\/\/www.carillons.ch\/blog\/conseil-de-leurope-itineraires-culturels\/\">Conseil de l'Europe, itin\u00e9raires culturels <\/a><span class=\"tagDescription\"><\/span><\/li>\n<li><a title=\"Contact\" href=\"https:\/\/www.carillons.ch\/blog\/contact\/\">Contact <\/a><span class=\"tagDescription\"><\/span><\/li>\n<li><a title=\"Cr\u00e9ations musicales\" href=\"https:\/\/www.carillons.ch\/blog\/creations-musicales\/\">Cr\u00e9ations musicales <\/a><span class=\"tagDescription\"><\/span><\/li>\n<\/ul>\n<\/div>\n<div class=\"tagindex\">\n<h4 id=\"mctm1-D\">D<\/h4>\n<ul class=\"links\">\n<li><a title=\"Daniel Thomas\" href=\"https:\/\/www.carillons.ch\/blog\/contact\/daniel-thomas\/\">Daniel Thomas <\/a><span class=\"tagDescription\"><\/span><\/li>\n<li><a title=\"Danse\" href=\"https:\/\/www.carillons.ch\/blog\/danse\/\">Danse <\/a><span class=\"tagDescription\">Musique en gestes, dessin dans l'espace !<\/span><\/li>\n<\/ul>\n<\/div>\n<div class=\"tagindex\">\n<h4 id=\"mctm1-F\">F<\/h4>\n<ul class=\"links\">\n<li><a title=\"Facebook Demo - Customizer\" href=\"https:\/\/www.carillons.ch\/blog\/facebook-demo-customizer\/\">Facebook Demo - Customizer <\/a><span class=\"tagDescription\"><\/span><\/li>\n<li><a title=\"Facebook Demo - Customizer\" href=\"https:\/\/www.carillons.ch\/blog\/facebook-demo-customizer-2\/\">Facebook Demo - Customizer <\/a><span class=\"tagDescription\"><\/span><\/li>\n<li><a title=\"Facebook Demo - Customizer\" href=\"https:\/\/www.carillons.ch\/blog\/facebook-demo-customizer-3\/\">Facebook Demo - Customizer <\/a><span class=\"tagDescription\"><\/span><\/li>\n<\/ul>\n<\/div>\n<div class=\"tagindex\">\n<h4 id=\"mctm1-G\">G<\/h4>\n<ul class=\"links\">\n<li><a title=\"Guitare\" href=\"https:\/\/www.carillons.ch\/blog\/guitare\/\">Guitare <\/a><span class=\"tagDescription\">Charme et douceur, magie et d\u00e9licatesse<\/span><\/li>\n<\/ul>\n<\/div>\n<div class=\"tagindex\">\n<h4 id=\"mctm1-I\">I<\/h4>\n<ul class=\"links\">\n<li><a title=\"Index Abbaye de Montheron\" href=\"https:\/\/www.carillons.ch\/blog\/index-abbaye-de-montheron\/\">Index Abbaye de Montheron <\/a><span class=\"tagDescription\">L\u2019association des Amis de l\u2019Abbaye de Montheron a \u00e9t\u00e9 fond\u00e9e le 25 mars 1993. Elle vous accueille dans le cadre bucolique de la vall\u00e9e de Montheron et du Talent, choisie par les moines cisterciens en 1145 pour y \u00e9tablir leur abbaye. Elle y organise des concerts, des balades th\u00e9matiques, des visites guid\u00e9es. <\/span><\/li>\n<li><a title=\"Index Carillon de Chantemerle, concerts\" href=\"https:\/\/www.carillons.ch\/blog\/index-carillon-de-chantemerle-concerts\/\">Index Carillon de Chantemerle, concerts <\/a><span class=\"tagDescription\">Toutes les informations concernant le Carillon de Chantemerle \u00e0 Pully, l\u2019association, l\u2019\u00e9glise de la Rosiaz, les concerts.<\/span><\/li>\n<li><a title=\"Index Carillon de Chantemerle, ses 48 cloches\" href=\"https:\/\/www.carillons.ch\/blog\/index-carillon-de-chantemerle-ses-48-cloches\/\">Index Carillon de Chantemerle, ses 48 cloches <\/a><span class=\"tagDescription\">Toutes les informations concernant le Carillon de 48 cloches de Chantemerle \u00e0 Pully, ses cloches, son histoire, ses fondeurs : 48 cloches (la3, si3 \u2013 la7) (notes r\u00e9elles).<\/span><\/li>\n<li><a title=\"Index carillons\" href=\"https:\/\/www.carillons.ch\/blog\/index-carillons\/\">Index carillons <\/a><span class=\"tagDescription\">Index Nouvelles des carillons et cloches en Suisse<\/span><\/li>\n<li><a title=\"Index Chapelle du Clos des Abbayes\" href=\"https:\/\/www.carillons.ch\/blog\/index-chapelle-du-clos-des-abbayes\/\">Index Chapelle du Clos des Abbayes <\/a><span class=\"tagDescription\">Clos des Abbayes, chapelle du D\u00e9zaley pr\u00e8s Rivaz, ancienne chapelle gothique d\u2019une grange viticole cistercienne l\u2019Abbaye de Montheron\nConcerts, balades, visites guid\u00e9es, conf\u00e9rences, offices chant\u00e9s et autres manifestations.<\/span><\/li>\n<li><a title=\"Index Charte europ\u00e9enne des Abbayes et sites Cisterciens\" href=\"https:\/\/www.carillons.ch\/blog\/index-charte-europeenne-des-abbayes-et-sites-cisterciens\/\">Index Charte europ\u00e9enne des Abbayes et sites Cisterciens <\/a><span class=\"tagDescription\">L\u2019Ancienne Abbaye Cistercienne de Montheron (Jorat) et la chapelle et ancienne grange viticole cistercienne du Clos des Abbayes (Lavaux) sont membres de la Charte europ\u00e9enne des Abbayes et sites Cisterciens !<\/span><\/li>\n<li><a title=\"Index Etat de Vaud\" href=\"https:\/\/www.carillons.ch\/blog\/index-etat-de-vaud\/\">Index Etat de Vaud <\/a><span class=\"tagDescription\">L'Abbaye de Montheron est un site arch\u00e9ologique d'int\u00e9r\u00eat national et cantonal.<\/span><\/li>\n<li><a title=\"Index F\u00e9d\u00e9ration Mondiale du Carillon\" href=\"https:\/\/www.carillons.ch\/blog\/index-federation-mondiale-du-carillon\/\">Index F\u00e9d\u00e9ration Mondiale du Carillon <\/a><span class=\"tagDescription\">La FMC est un groupement de guildes de carillonneurs et d\u2019associations de carillon qui peuvent \u00eatre multinationales, nationales ou r\u00e9gionales.<\/span><\/li>\n<li><a title=\"Index F\u00eate de la Musique de Lausanne\" href=\"https:\/\/www.carillons.ch\/blog\/index-fete-de-la-musique-de-lausanne\/\">Index F\u00eate de la Musique de Lausanne <\/a><span class=\"tagDescription\">L'Abbaye de Montheron collabore avec la F\u00eate de la Musique de Lausanne comme lieu et comme organisateur.<\/span><\/li>\n<li><a title=\"Index Guilde des carillonneurs suisses\" href=\"https:\/\/www.carillons.ch\/blog\/index-guilde-des-carillonneurs-suisses\/\">Index Guilde des carillonneurs suisses <\/a><span class=\"tagDescription\">Photos, videos, reportages et annonces d\u2019\u00e9v\u00e9nements campanaires li\u00e9s \u00e0 la guilde.<\/span><\/li>\n<li><a title=\"Index Historique Abbaye de Montheron\" href=\"https:\/\/www.carillons.ch\/blog\/index-historique-abbaye-de-montheron\/\">Index Historique Abbaye de Montheron <\/a><span class=\"tagDescription\">Documentation historique et arch\u00e9ologique sur l\u2019Ancienne Abbaye de Montheron parue dans la revue des Amis de l'Abbaye de Montheron <\/span><\/li>\n<li><a title=\"Index  Je trottine dans ma ville\" href=\"https:\/\/www.carillons.ch\/blog\/index-je-trottine-dans-ma-ville\/\">Index  Je trottine dans ma ville <\/a><span class=\"tagDescription\">Prochaines activit\u00e9s pour les enfants en collaboration avec \u00ab Je trottine dans ma ville \u00bb ou \u00ab J\u2019explore ma ville \u00bb!<\/span><\/li>\n<li><a title=\"Index L\u2019Association pour les int\u00e9r\u00eats et le d\u00e9veloppement de Pully-Nord\" href=\"https:\/\/www.carillons.ch\/blog\/index-lassociation-pour-les-interets-et-le-developpement-de-pully-nord\/\">Index L\u2019Association pour les int\u00e9r\u00eats et le d\u00e9veloppement de Pully-Nord <\/a><span class=\"tagDescription\">Le Carillon de Chantemerle et son carillonneur, Daniel Thomas, animent les activit\u00e9s de l\u2019Association pour les int\u00e9r\u00eats et le d\u00e9veloppement de Pully-Nord.<\/span><\/li>\n<li><a title=\"Index Parc Naturel du Jorat\" href=\"https:\/\/www.carillons.ch\/blog\/index-parc-naturel-du-jorat\/\">Index Parc Naturel du Jorat <\/a><span class=\"tagDescription\">L\u2019Abbaye de Montheron est tout naturellement un des p\u00f4les culturels et historiques de ce futur Parc Naturel P\u00e9riurbain du Jorat. Elle collabore \u00e0 plusieurs manifestations et activit\u00e9s, balades, visites, conf\u00e9rences, f\u00eates.<\/span><\/li>\n<li><a title=\"Index Paroisse du Haut-Talent\" href=\"https:\/\/www.carillons.ch\/blog\/index-paroisse-du-haut-talent\/\">Index Paroisse du Haut-Talent <\/a><span class=\"tagDescription\">Activit\u00e9s, articles de la Paroisse du Haut-Talent (Morrens, Montheron, Cugy, Froideville, Bretigny) en lien avec l'Abbaye de Montheron.<\/span><\/li>\n<li><a title=\"Index Paroisse St-Etienne de Bottens\" href=\"https:\/\/www.carillons.ch\/blog\/index-paroisse-st-etienne-de-bottens\/\">Index Paroisse St-Etienne de Bottens <\/a><span class=\"tagDescription\">Concerts et autres manifestations \u00e0 l\u2019\u00e9glise de style n\u00e9o-gothique de Bottens de 1848.<\/span><\/li>\n<li><a title=\"Index Passeport-Vacances de la r\u00e9gion Lausannoise\" href=\"https:\/\/www.carillons.ch\/blog\/index-passeport-vacances-de-la-region-lausannoise\/\">Index Passeport-Vacances de la r\u00e9gion Lausannoise <\/a><span class=\"tagDescription\">Activit\u00e9s aux orgues et carillons dans le cadre de Passeport-Vacances, \u00e0 l\u2019Abbaye de Montheron, \u00e0 l\u2019\u00e9glise de Bottens ou au carillon de Chantemerle.<\/span><\/li>\n<li><a title=\"Index Route Europ\u00e9enne des Abbayes Cisterciennes\" href=\"https:\/\/www.carillons.ch\/blog\/index-route-europeenne-des-abbayes-cisterciennes\/\">Index Route Europ\u00e9enne des Abbayes Cisterciennes <\/a><span class=\"tagDescription\">L\u2019Ancienne Abbaye cistercienne de Montheron et la chapelle et ancienne grange viticole cistercienne du Clos des Abbayes au D\u00e9zaley font partie de la Route europ\u00e9enne des abbayes cisterciennes pour la Suisse.<\/span><\/li>\n<li><a title=\"Index Terre Nouvelle\" href=\"https:\/\/www.carillons.ch\/blog\/index-terre-nouvelle\/\">Index Terre Nouvelle <\/a><span class=\"tagDescription\">Concerts de soutien Terre Nouvelle et soir\u00e9es Bols de riz et autres activit\u00e9s dans le paroisse du Haut-Talent (Morrens-Montheron) en faveur des oeuvres d\u2019entraide de l\u2019\u00e9glise protestante (projets de Terre Nouvelle et du SECAAR).<\/span><\/li>\n<li><a title=\"Index Ville de Lausanne\" href=\"https:\/\/www.carillons.ch\/blog\/index-ville-de-lausanne\/\">Index Ville de Lausanne <\/a><span class=\"tagDescription\"><\/span><\/li>\n<li><a title=\"Index Ville de Pully\" href=\"https:\/\/www.carillons.ch\/blog\/index-ville-de-pully\/\">Index Ville de Pully <\/a><span class=\"tagDescription\">Le Carillon de Chantemerle est sur le territoire de la Ville de Pully, il est propri\u00e9t\u00e9 de la Ville de Pully et l\u2019Association des Amis du Carillon de Chantemerle est une institution soutenue pas la Ville.<\/span><\/li>\n<li><a title=\"Index Visites de l'Universit\u00e9 Populaire de Lausanne\" href=\"https:\/\/www.carillons.ch\/blog\/index-visites-de-luniversite-populaire-de-lausanne\/\">Index Visites de l'Universit\u00e9 Populaire de Lausanne <\/a><span class=\"tagDescription\">L\u2019Abbaye de Montheron et le Carillon de Chantemerle proposent chaque ann\u00e9e des visites guid\u00e9es en collaboration avec l\u2019Universit\u00e9 Populaire de Lausanne<\/span><\/li>\n<li><a title=\"Instagram Demo - Customizer\" href=\"https:\/\/www.carillons.ch\/blog\/instagram-demo-customizer\/\">Instagram Demo - Customizer <\/a><span class=\"tagDescription\"><\/span><\/li>\n<li><a title=\"Instagram Demo - Customizer\" href=\"https:\/\/www.carillons.ch\/blog\/instagram-demo-customizer-2\/\">Instagram Demo - Customizer <\/a><span class=\"tagDescription\"><\/span><\/li>\n<li><a title=\"Instagram Demo - Customizer\" href=\"https:\/\/www.carillons.ch\/blog\/instagram-demo-customizer-3\/\">Instagram Demo - Customizer <\/a><span class=\"tagDescription\"><\/span><\/li>\n<\/ul>\n<\/div>\n<div class=\"tagindex\">\n<h4 id=\"mctm1-J\">J<\/h4>\n<ul class=\"links\">\n<li><a title=\"Journ\u00e9es du Patrimoine Vaud\" href=\"https:\/\/www.carillons.ch\/blog\/journees-du-patrimoine-vaud\/\">Journ\u00e9es du Patrimoine Vaud <\/a><span class=\"tagDescription\">Le Carillon de Chantemerle participe en septembre 2020 aux Journ\u00e9es Europ\u00e9ennes du Patrimoine Vaud <\/span><\/li>\n<\/ul>\n<\/div>\n<div class=\"tagindex\">\n<h4 id=\"mctm1-L\">L<\/h4>\n<ul class=\"links\">\n<li><a title=\"Langages des arts\" href=\"https:\/\/www.carillons.ch\/blog\/langages-des-arts\/\">Langages des arts <\/a><span class=\"tagDescription\">Recherche sur le langage de l\u2019\u00eatre humain, dans son unit\u00e9 essentielle, son mode d\u2019expression.<\/span><\/li>\n<li><a title=\"Lettres de nouvelles\" href=\"https:\/\/www.carillons.ch\/blog\/lettres-de-nouvelles\/\">Lettres de nouvelles <\/a><span class=\"tagDescription\"><\/span><\/li>\n<\/ul>\n<\/div>\n<div class=\"tagindex\">\n<h4 id=\"mctm1-M\">M<\/h4>\n<ul class=\"links\">\n<li><a title=\"Menus, index du site carillons.ch\" href=\"https:\/\/www.carillons.ch\/blog\/menus-index-du-site-carillons-ch\/\">Menus, index du site carillons.ch <\/a><span class=\"tagDescription\"><\/span><\/li>\n<li><a title=\"Mots-cl\u00e9s\" href=\"https:\/\/www.carillons.ch\/blog\/plan-du-site\/mots-cles\/\">Mots-cl\u00e9s <\/a><span class=\"tagDescription\"><\/span><\/li>\n<\/ul>\n<\/div>\n<div class=\"tagindex\">\n<h4 id=\"mctm1-N\">N<\/h4>\n<ul class=\"links\">\n<li><a title=\"Nations Unies UNESCO Patrimoine\" href=\"https:\/\/www.carillons.ch\/blog\/nations-unies-unesco-patrimoine\/\">Nations Unies UNESCO Patrimoine <\/a><span class=\"tagDescription\"><\/span><\/li>\n<\/ul>\n<\/div>\n<div class=\"tagindex\">\n<h4 id=\"mctm1-O\">O<\/h4>\n<ul class=\"links\">\n<li><a title=\"Orgue\" href=\"https:\/\/www.carillons.ch\/blog\/orgue\/\">Orgue <\/a><span class=\"tagDescription\">L\u2019enchantement des sons majestueux dans la for\u00eat gothique des cath\u00e9drales, l\u2019instrument volant en futaies d\u2019arbres.<\/span><\/li>\n<\/ul>\n<\/div>\n<div class=\"tagindex\">\n<h4 id=\"mctm1-P\">P<\/h4>\n<ul class=\"links\">\n<li><a title=\"Pages\" href=\"https:\/\/www.carillons.ch\/blog\/plan-du-site\/pages\/\">Pages <\/a><span class=\"tagDescription\">Plan des pages du site langages.ch, ordonnance des successions.<\/span><\/li>\n<li><a title=\"Peinture\" href=\"https:\/\/www.carillons.ch\/blog\/peinture\/\">Peinture <\/a><span class=\"tagDescription\">Danse sur la feuille, musique en couleurs !<\/span><\/li>\n<li><a title=\"Piano\" href=\"https:\/\/www.carillons.ch\/blog\/piano\/\">Piano <\/a><span class=\"tagDescription\"><\/span><\/li>\n<li><a title=\"Plan du site\" href=\"https:\/\/www.carillons.ch\/blog\/contact\/plan\/\">Plan du site <\/a><span class=\"tagDescription\"><\/span><\/li>\n<li><a title=\"Plan du site\" href=\"https:\/\/www.carillons.ch\/blog\/plan-du-site\/\">Plan du site <\/a><span class=\"tagDescription\"><\/span><\/li>\n<li><a title=\"Polyglotte\" href=\"https:\/\/www.carillons.ch\/blog\/polyglotte\/\">Polyglotte <\/a><span class=\"tagDescription\">Musique en mots, voyages en sons signifiants, caresse de l'oreille entendante !<\/span><\/li>\n<li><a title=\"Programmes des animations, Parc Naturel du Jorat\" href=\"https:\/\/www.carillons.ch\/blog\/programmes-des-animations-parc-naturel-du-jorat\/\">Programmes des animations, Parc Naturel du Jorat <\/a><span class=\"tagDescription\"><\/span><\/li>\n<\/ul>\n<\/div>\n<div class=\"tagindex\">\n<h4 id=\"mctm1-R\">R<\/h4>\n<ul class=\"links\">\n<li><a title=\"Revue des Amis de l'Abbaye de Montheron\" href=\"https:\/\/www.carillons.ch\/blog\/revue-montheron\/\">Revue des Amis de l'Abbaye de Montheron <\/a><span class=\"tagDescription\">Revue des Amis de l'Abbaye de Montheron. \u00c9diteur: Association des Amis de l\u2019Abbaye de Montheron ISSN 1661-6979<\/span><\/li>\n<\/ul>\n<\/div>\n<div class=\"tagindex\">\n<h4 id=\"mctm1-T\">T<\/h4>\n<ul class=\"links\">\n<li><a title=\"Tags, mots-cl\u00e9s\" href=\"https:\/\/www.carillons.ch\/blog\/contact\/tags-etiquettes\/\">Tags, mots-cl\u00e9s <\/a><span class=\"tagDescription\"><\/span><\/li>\n<\/ul>\n<\/div>\n<div class=\"tagindex\">\n<h4 id=\"mctm1-V\">V<\/h4>\n<ul class=\"links\">\n<li><a title=\"Video\" href=\"https:\/\/www.carillons.ch\/blog\/video\/\">Video <\/a><span class=\"tagDescription\"><\/span><\/li>\n<li><a title=\"Voix\" href=\"https:\/\/www.carillons.ch\/blog\/voix\/\">Voix <\/a><span class=\"tagDescription\">Les instruments de musique dans le site langages.ch ou carillons.ch.<\/span><\/li>\n<\/ul>\n<\/div><\/div> <!-- end responsive -->\n<script> tagindexwidth = \"150px\"; maxColumns = \"3\"; <\/script>\n<\/div> <!-- end hold inner -->\n<div style='clear: both;'><\/div>\n<\/div><!-- end list -->\n","protected":false},"excerpt":{"rendered":"<p>Plan des pages du site langages.ch, ordonnance des successions.<\/p>\n","protected":false},"author":1,"featured_media":0,"parent":13062,"menu_order":0,"comment_status":"closed","ping_status":"closed","template":"","meta":{"sfsi_plus_gutenberg_text_before_share":"","sfsi_plus_gutenberg_show_text_before_share":"","sfsi_plus_gutenberg_icon_type":"","sfsi_plus_gutenberg_icon_alignemt":"","sfsi_plus_gutenburg_max_per_row":"","_EventAllDay":false,"_EventTimezone":"","_EventStartDate":"","_EventEndDate":"","_EventStartDateUTC":"","_EventEndDateUTC":"","_EventShowMap":false,"_EventShowMapLink":false,"_EventURL":"","_EventCost":"","_EventCostDescription":"","_EventCurrencySymbol":"","_EventCurrencyCode":"","_EventCurrencyPosition":"","_EventDateTimeSeparator":"","_EventTimeRangeSeparator":"","_EventOrganizerID":[],"_EventVenueID":[],"_OrganizerEmail":"","_OrganizerPhone":"","_OrganizerWebsite":"","_VenueAddress":"","_VenueCity":"","_VenueCountry":"","_VenueProvince":"","_VenueState":"","_VenueZip":"","_VenuePhone":"","_VenueURL":"","_VenueStateProvince":"","_VenueLat":"","_VenueLng":"","_VenueShowMap":false,"_VenueShowMapLink":false,"footnotes":""},"class_list":["post-12540","page","type-page","status-publish","hentry"],"_links":{"self":[{"href":"https:\/\/www.carillons.ch\/blog\/wp-json\/wp\/v2\/pages\/12540","targetHints":{"allow":["GET"]}}],"collection":[{"href":"https:\/\/www.carillons.ch\/blog\/wp-json\/wp\/v2\/pages"}],"about":[{"href":"https:\/\/www.carillons.ch\/blog\/wp-json\/wp\/v2\/types\/page"}],"author":[{"embeddable":true,"href":"https:\/\/www.carillons.ch\/blog\/wp-json\/wp\/v2\/users\/1"}],"replies":[{"embeddable":true,"href":"https:\/\/www.carillons.ch\/blog\/wp-json\/wp\/v2\/comments?post=12540"}],"version-history":[{"count":5,"href":"https:\/\/www.carillons.ch\/blog\/wp-json\/wp\/v2\/pages\/12540\/revisions"}],"predecessor-version":[{"id":12570,"href":"https:\/\/www.carillons.ch\/blog\/wp-json\/wp\/v2\/pages\/12540\/revisions\/12570"}],"up":[{"embeddable":true,"href":"https:\/\/www.carillons.ch\/blog\/wp-json\/wp\/v2\/pages\/13062"}],"wp:attachment":[{"href":"https:\/\/www.carillons.ch\/blog\/wp-json\/wp\/v2\/media?parent=12540"}],"curies":[{"name":"wp","href":"https:\/\/api.w.org\/{rel}","templated":true}]}}