{"id":12692,"date":"2019-09-14T20:54:34","date_gmt":"2019-09-14T18:54:34","guid":{"rendered":"http:\/\/www.langages.ch\/blog\/?page_id=12692"},"modified":"2020-02-24T17:40:52","modified_gmt":"2020-02-24T16:40:52","slug":"categories-devenements","status":"publish","type":"page","link":"https:\/\/www.carillons.ch\/blog\/plan-du-site\/categories-devenements\/","title":{"rendered":"Cat\u00e9gories d&rsquo;\u00e9v\u00e9nements"},"content":{"rendered":"\n<p>Liste des cat\u00e9gories d\u2019\u00e9v\u00e9nements du site langages.ch :<\/p>\n\n\n<div id=\"pl-gb12692-69fdcb7de8c1e\"  class=\"panel-layout\" ><div id=\"pg-gb12692-69fdcb7de8c1e-0\"  class=\"panel-grid panel-has-style\" ><div class=\"panel-row-style panel-row-style-for-gb12692-69fdcb7de8c1e-0\" ><div id=\"pgc-gb12692-69fdcb7de8c1e-0-0\"  class=\"panel-grid-cell\" ><div id=\"panel-gb12692-69fdcb7de8c1e-0-0-0\" class=\"so-panel widget widget_text panel-first-child panel-last-child\" data-index=\"0\" ><div class=\"panel-widget-style panel-widget-style-for-gb12692-69fdcb7de8c1e-0-0-0\" >\t\t\t<div class=\"textwidget\"><p>.<\/p>\n<p>Voir<\/p>\n<p>.<\/p>\n<p>Rire<\/p>\n<p>.<\/p>\n<p>Ou\u00efr<\/p>\n<p>.<\/p>\n<p>Sens<\/p>\n<\/div>\n\t\t<\/div><\/div><\/div><div id=\"pgc-gb12692-69fdcb7de8c1e-0-1\"  class=\"panel-grid-cell\" ><div id=\"panel-gb12692-69fdcb7de8c1e-0-1-0\" class=\"so-panel widget widget_tag_cloud panel-first-child panel-last-child\" data-index=\"1\" ><h3 class=\"widget-title\">Cat\u00e9gories d&rsquo;\u00e9v\u00e9nements<\/h3><div class=\"tagcloud\"><a href=\"https:\/\/www.carillons.ch\/blog\/events\/categorie\/agenda\/association\/abbaye-de-montheron\/\" class=\"tag-cloud-link tag-link-654 tag-link-position-1\" style=\"font-size: 20.734463276836pt;\" aria-label=\"Abbaye de Montheron (40 \u00e9l\u00e9ments)\">Abbaye de Montheron<span class=\"tag-link-count\"> (40)<\/span><\/a>\n<a href=\"https:\/\/www.carillons.ch\/blog\/events\/categorie\/agenda\/association\/adopera-comedie-lyrique\/\" class=\"tag-cloud-link tag-link-783 tag-link-position-2\" style=\"font-size: 12.745762711864pt;\" aria-label=\"ad\u2019Opera Com\u00e9die Lyrique (3 \u00e9l\u00e9ments)\">ad\u2019Opera Com\u00e9die Lyrique<span class=\"tag-link-count\"> (3)<\/span><\/a>\n<a href=\"https:\/\/www.carillons.ch\/blog\/events\/categorie\/agenda\/\" class=\"tag-cloud-link tag-link-660 tag-link-position-3\" style=\"font-size: 8pt;\" aria-label=\"Agenda (0 \u00e9l\u00e9ment)\">Agenda<span class=\"tag-link-count\"> (0)<\/span><\/a>\n<a href=\"https:\/\/www.carillons.ch\/blog\/events\/categorie\/agenda\/association\/\" class=\"tag-cloud-link tag-link-663 tag-link-position-4\" style=\"font-size: 8pt;\" aria-label=\"Association (0 \u00e9l\u00e9ment)\">Association<span class=\"tag-link-count\"> (0)<\/span><\/a>\n<a href=\"https:\/\/www.carillons.ch\/blog\/events\/categorie\/agenda\/association\/association-des-interets-de-pully-nord\/\" class=\"tag-cloud-link tag-link-671 tag-link-position-5\" style=\"font-size: 10.372881355932pt;\" aria-label=\"Association de Pully-Nord (1 \u00e9l\u00e9ment)\">Association de Pully-Nord<span class=\"tag-link-count\"> (1)<\/span><\/a>\n<a href=\"https:\/\/www.carillons.ch\/blog\/events\/categorie\/agenda\/type-dactivite\/atelier\/\" class=\"tag-cloud-link tag-link-767 tag-link-position-6\" style=\"font-size: 10.372881355932pt;\" aria-label=\"Atelier (1 \u00e9l\u00e9ment)\">Atelier<span class=\"tag-link-count\"> (1)<\/span><\/a>\n<a href=\"https:\/\/www.carillons.ch\/blog\/events\/categorie\/agenda\/type-dactivite\/balade-thematique\/\" class=\"tag-cloud-link tag-link-669 tag-link-position-7\" style=\"font-size: 16.779661016949pt;\" aria-label=\"Balade th\u00e9matique (12 \u00e9l\u00e9ments)\">Balade th\u00e9matique<span class=\"tag-link-count\"> (12)<\/span><\/a>\n<a href=\"https:\/\/www.carillons.ch\/blog\/events\/categorie\/agenda\/instrument\/carillon\/\" class=\"tag-cloud-link tag-link-657 tag-link-position-8\" style=\"font-size: 19.310734463277pt;\" aria-label=\"Carillon (26 \u00e9l\u00e9ments)\">Carillon<span class=\"tag-link-count\"> (26)<\/span><\/a>\n<a href=\"https:\/\/www.carillons.ch\/blog\/events\/categorie\/agenda\/association\/carillon-de-chantemerle\/\" class=\"tag-cloud-link tag-link-658 tag-link-position-9\" style=\"font-size: 17.728813559322pt;\" aria-label=\"Carillon de Chantemerle (16 \u00e9l\u00e9ments)\">Carillon de Chantemerle<span class=\"tag-link-count\"> (16)<\/span><\/a>\n<a href=\"https:\/\/www.carillons.ch\/blog\/events\/categorie\/agenda\/instrument\/chant-solo\/\" class=\"tag-cloud-link tag-link-670 tag-link-position-10\" style=\"font-size: 17.09604519774pt;\" aria-label=\"Chant solo (13 \u00e9l\u00e9ments)\">Chant solo<span class=\"tag-link-count\"> (13)<\/span><\/a>\n<a href=\"https:\/\/www.carillons.ch\/blog\/events\/categorie\/agenda\/association\/chapelle-du-dezaley\/\" class=\"tag-cloud-link tag-link-696 tag-link-position-11\" style=\"font-size: 10.372881355932pt;\" aria-label=\"Chapelle du D\u00e9zaley (1 \u00e9l\u00e9ment)\">Chapelle du D\u00e9zaley<span class=\"tag-link-count\"> (1)<\/span><\/a>\n<a href=\"https:\/\/www.carillons.ch\/blog\/events\/categorie\/agenda\/instrument\/choeur\/\" class=\"tag-cloud-link tag-link-659 tag-link-position-12\" style=\"font-size: 18.124293785311pt;\" aria-label=\"Choeur (18 \u00e9l\u00e9ments)\">Choeur<span class=\"tag-link-count\"> (18)<\/span><\/a>\n<a href=\"https:\/\/www.carillons.ch\/blog\/events\/categorie\/agenda\/instrument\/clavecin\/\" class=\"tag-cloud-link tag-link-678 tag-link-position-13\" style=\"font-size: 15.909604519774pt;\" aria-label=\"Clavecin (9 \u00e9l\u00e9ments)\">Clavecin<span class=\"tag-link-count\"> (9)<\/span><\/a>\n<a href=\"https:\/\/www.carillons.ch\/blog\/events\/categorie\/agenda\/type-dactivite\/concert\/\" class=\"tag-cloud-link tag-link-644 tag-link-position-14\" style=\"font-size: 22pt;\" aria-label=\"Concert (58 \u00e9l\u00e9ments)\">Concert<span class=\"tag-link-count\"> (58)<\/span><\/a>\n<a href=\"https:\/\/www.carillons.ch\/blog\/events\/categorie\/agenda\/type-dactivite\/conference\/\" class=\"tag-cloud-link tag-link-641 tag-link-position-15\" style=\"font-size: 10.372881355932pt;\" aria-label=\"Conf\u00e9rence (1 \u00e9l\u00e9ment)\">Conf\u00e9rence<span class=\"tag-link-count\"> (1)<\/span><\/a>\n<a href=\"https:\/\/www.carillons.ch\/blog\/events\/categorie\/agenda\/type-dactivite\/enfants\/\" class=\"tag-cloud-link tag-link-687 tag-link-position-16\" style=\"font-size: 14.723163841808pt;\" aria-label=\"Enfants (6 \u00e9l\u00e9ments)\">Enfants<span class=\"tag-link-count\"> (6)<\/span><\/a>\n<a href=\"https:\/\/www.carillons.ch\/blog\/events\/categorie\/agenda\/type-dactivite\/excursion\/\" class=\"tag-cloud-link tag-link-643 tag-link-position-17\" style=\"font-size: 11.796610169492pt;\" aria-label=\"Excursion (2 \u00e9l\u00e9ments)\">Excursion<span class=\"tag-link-count\"> (2)<\/span><\/a>\n<a href=\"https:\/\/www.carillons.ch\/blog\/events\/categorie\/agenda\/instrument\/flute\/\" class=\"tag-cloud-link tag-link-679 tag-link-position-18\" style=\"font-size: 15.118644067797pt;\" aria-label=\"Fl\u00fbte (7 \u00e9l\u00e9ments)\">Fl\u00fbte<span class=\"tag-link-count\"> (7)<\/span><\/a>\n<a href=\"https:\/\/www.carillons.ch\/blog\/events\/categorie\/agenda\/instrument\/guitare\/\" class=\"tag-cloud-link tag-link-721 tag-link-position-19\" style=\"font-size: 16.225988700565pt;\" aria-label=\"Guitare (10 \u00e9l\u00e9ments)\">Guitare<span class=\"tag-link-count\"> (10)<\/span><\/a>\n<a href=\"https:\/\/www.carillons.ch\/blog\/events\/categorie\/agenda\/type-dactivite\/improvisation\/\" class=\"tag-cloud-link tag-link-786 tag-link-position-20\" style=\"font-size: 10.372881355932pt;\" aria-label=\"Improvisation (1 \u00e9l\u00e9ment)\">Improvisation<span class=\"tag-link-count\"> (1)<\/span><\/a>\n<a href=\"https:\/\/www.carillons.ch\/blog\/events\/categorie\/agenda\/instrument\/\" class=\"tag-cloud-link tag-link-664 tag-link-position-21\" style=\"font-size: 8pt;\" aria-label=\"Instrument (0 \u00e9l\u00e9ment)\">Instrument<span class=\"tag-link-count\"> (0)<\/span><\/a>\n<a href=\"https:\/\/www.carillons.ch\/blog\/events\/categorie\/agenda\/association\/je-trottine-dans-ma-ville\/\" class=\"tag-cloud-link tag-link-686 tag-link-position-22\" style=\"font-size: 10.372881355932pt;\" aria-label=\"Je trottine dans ma ville (1 \u00e9l\u00e9ment)\">Je trottine dans ma ville<span class=\"tag-link-count\"> (1)<\/span><\/a>\n<a href=\"https:\/\/www.carillons.ch\/blog\/events\/categorie\/agenda\/instrument\/orgue\/\" class=\"tag-cloud-link tag-link-666 tag-link-position-23\" style=\"font-size: 21.604519774011pt;\" aria-label=\"Orgue (52 \u00e9l\u00e9ments)\">Orgue<span class=\"tag-link-count\"> (52)<\/span><\/a>\n<a href=\"https:\/\/www.carillons.ch\/blog\/events\/categorie\/agenda\/association\/parc-naturel-du-jorat\/\" class=\"tag-cloud-link tag-link-668 tag-link-position-24\" style=\"font-size: 10.372881355932pt;\" aria-label=\"Parc Naturel du Jorat (1 \u00e9l\u00e9ment)\">Parc Naturel du Jorat<span class=\"tag-link-count\"> (1)<\/span><\/a>\n<a href=\"https:\/\/www.carillons.ch\/blog\/events\/categorie\/agenda\/association\/paroisse-st-etienne-de-bottens\/\" class=\"tag-cloud-link tag-link-712 tag-link-position-25\" style=\"font-size: 11.796610169492pt;\" aria-label=\"Paroisse St-Etienne de Bottens (2 \u00e9l\u00e9ments)\">Paroisse St-Etienne de Bottens<span class=\"tag-link-count\"> (2)<\/span><\/a>\n<a href=\"https:\/\/www.carillons.ch\/blog\/events\/categorie\/agenda\/instrument\/piano\/\" class=\"tag-cloud-link tag-link-682 tag-link-position-26\" style=\"font-size: 18.282485875706pt;\" aria-label=\"Piano (19 \u00e9l\u00e9ments)\">Piano<span class=\"tag-link-count\"> (19)<\/span><\/a>\n<a href=\"https:\/\/www.carillons.ch\/blog\/events\/categorie\/agenda\/association\/pakomuze-association\/\" class=\"tag-cloud-link tag-link-882 tag-link-position-27\" style=\"font-size: 14.169491525424pt;\" aria-label=\"P\u00e2komuz\u00e9 (5 \u00e9l\u00e9ments)\">P\u00e2komuz\u00e9<span class=\"tag-link-count\"> (5)<\/span><\/a>\n<a href=\"https:\/\/www.carillons.ch\/blog\/events\/categorie\/agenda\/association\/pakomuze\/\" class=\"tag-cloud-link tag-link-715 tag-link-position-28\" style=\"font-size: 13.536723163842pt;\" aria-label=\"P\u00e2KOMUZ\u00e9 par l&#039;Abbaye de Montheron (4 \u00e9l\u00e9ments)\">P\u00e2KOMUZ\u00e9 par l&#039;Abbaye de Montheron<span class=\"tag-link-count\"> (4)<\/span><\/a>\n<a href=\"https:\/\/www.carillons.ch\/blog\/events\/categorie\/agenda\/type-dactivite\/theatre\/\" class=\"tag-cloud-link tag-link-770 tag-link-position-29\" style=\"font-size: 10.372881355932pt;\" aria-label=\"Th\u00e9\u00e2tre (1 \u00e9l\u00e9ment)\">Th\u00e9\u00e2tre<span class=\"tag-link-count\"> (1)<\/span><\/a>\n<a href=\"https:\/\/www.carillons.ch\/blog\/events\/categorie\/agenda\/type-dactivite\/\" class=\"tag-cloud-link tag-link-661 tag-link-position-30\" style=\"font-size: 8pt;\" aria-label=\"Type d&#039;activit\u00e9 (0 \u00e9l\u00e9ment)\">Type d&#039;activit\u00e9<span class=\"tag-link-count\"> (0)<\/span><\/a>\n<a href=\"https:\/\/www.carillons.ch\/blog\/events\/categorie\/agenda\/association\/universite-populaire-de-lausanne\/\" class=\"tag-cloud-link tag-link-667 tag-link-position-31\" style=\"font-size: 15.909604519774pt;\" aria-label=\"Universit\u00e9 Populaire de Lausanne (9 \u00e9l\u00e9ments)\">Universit\u00e9 Populaire de Lausanne<span class=\"tag-link-count\"> (9)<\/span><\/a>\n<a href=\"https:\/\/www.carillons.ch\/blog\/events\/categorie\/agenda\/type-dactivite\/visite-guidee\/\" class=\"tag-cloud-link tag-link-665 tag-link-position-32\" style=\"font-size: 18.282485875706pt;\" aria-label=\"Visite guid\u00e9e (19 \u00e9l\u00e9ments)\">Visite guid\u00e9e<span class=\"tag-link-count\"> (19)<\/span><\/a><\/div>\n<\/div><\/div><\/div><\/div><div id=\"pg-gb12692-69fdcb7de8c1e-1\"  class=\"panel-grid panel-has-style\" ><div class=\"siteorigin-panels-stretch panel-row-style panel-row-style-for-gb12692-69fdcb7de8c1e-1\" data-stretch-type=\"full-width-stretch\" ><div id=\"pgc-gb12692-69fdcb7de8c1e-1-0\"  class=\"panel-grid-cell panel-grid-cell-empty\" ><\/div><\/div><\/div><div id=\"pg-gb12692-69fdcb7de8c1e-2\"  class=\"panel-grid panel-no-style\" ><div id=\"pgc-gb12692-69fdcb7de8c1e-2-0\"  class=\"panel-grid-cell panel-grid-cell-empty\" ><\/div><div id=\"pgc-gb12692-69fdcb7de8c1e-2-1\"  class=\"panel-grid-cell\" ><div id=\"panel-gb12692-69fdcb7de8c1e-2-1-0\" class=\"so-panel widget panel-first-child panel-last-child\" data-index=\"2\" ><div class=\"panel-widget-style panel-widget-style-for-gb12692-69fdcb7de8c1e-2-1-0\" ><\/div><\/div><\/div><\/div><\/div>\n\n\n<hr class=\"wp-block-separator is-style-dots\"\/>\n\n\n\n<p>Liste des cat\u00e9gories d\u2019\u00e9v\u00e9nements avec description du site langages.ch :<\/p>\n\n\n\n<p><strong>A<\/strong><\/p>\n\n\n\n<hr class=\"wp-block-separator\"\/>\n\n\n\n<p><a href=\"http:\/\/www.langages.ch\/blog\/events\/categorie\/agenda\/association\/abbaye-de-montheron\/\">Abbaye de Montheron<\/a>&nbsp;<br><em>Concerts, balades, visites et autres manifestations autour de l\u2019Abbaye de Montheron<\/em><\/p>\n\n\n\n<p><a href=\"http:\/\/www.langages.ch\/blog\/events\/categorie\/agenda\/\">Agenda<\/a><\/p>\n\n\n\n<p><a href=\"http:\/\/www.langages.ch\/blog\/events\/categorie\/agenda\/association\/\">Association<\/a><\/p>\n\n\n\n<p><a href=\"http:\/\/www.langages.ch\/blog\/events\/categorie\/agenda\/association\/association-des-interets-de-pully-nord\/\">Association de Pully-Nord<\/a><\/p>\n\n\n\n<p><a href=\"http:\/\/www.langages.ch\/blog\/events\/categorie\/agenda\/type-dactivite\/atelier\/\">Atelier<\/a><\/p>\n\n\n\n<p><strong>B<\/strong><\/p>\n\n\n\n<hr class=\"wp-block-separator\"\/>\n\n\n\n<p><a href=\"http:\/\/www.langages.ch\/blog\/events\/categorie\/agenda\/type-dactivite\/balade-thematique\/\">Balade th\u00e9matique<\/a><\/p>\n\n\n\n<p><a href=\"http:\/\/www.langages.ch\/blog\/events\/categorie\/agenda\/type-dactivite\/bol-de-riz\/\">Bol de riz<\/a><br><em>Il s\u2019agit d\u2019un repas tr\u00e8s simple au profit des oeuvres d\u2019entraide de notre Eglise au centre oecum\u00e9nique de Cugy<\/em>.<\/p>\n\n\n\n<p><strong>C<\/strong><\/p>\n\n\n\n<hr class=\"wp-block-separator\"\/>\n\n\n\n<p><a href=\"http:\/\/www.langages.ch\/blog\/events\/categorie\/agenda\/instrument\/carillon\/\">Carillon<\/a><\/p>\n\n\n\n<p><a href=\"http:\/\/www.langages.ch\/blog\/events\/categorie\/agenda\/association\/carillon-de-chantemerle\/\">Carillon de Chantemerle<\/a><\/p>\n\n\n\n<p><a href=\"http:\/\/www.langages.ch\/blog\/events\/categorie\/agenda\/instrument\/chant-solo\/\">Chant solo<\/a><\/p>\n\n\n\n<p><a href=\"http:\/\/www.langages.ch\/blog\/events\/categorie\/agenda\/association\/chapelle-du-dezaley\/\">Chapelle du D\u00e9zaley<\/a><br><em>Clos des Abbayes, chapelle du D\u00e9zaley pr\u00e8s Rivaz, ancienne chapelle gothique d\u2019une grange viticole cistercienne l\u2019Abbaye de Montheron. Concerts, balades, visites guid\u00e9es, conf\u00e9rences, offices chant\u00e9s et autres manifestations.<\/em><\/p>\n\n\n\n<p><a href=\"http:\/\/www.langages.ch\/blog\/events\/categorie\/agenda\/instrument\/choeur\/\">Choeur<\/a><\/p>\n\n\n\n<p><a href=\"http:\/\/www.langages.ch\/blog\/events\/categorie\/agenda\/instrument\/clavecin\/\">Clavecin<\/a><\/p>\n\n\n\n<p><a href=\"http:\/\/www.langages.ch\/blog\/events\/categorie\/agenda\/type-dactivite\/concert\/\">Concert<\/a><\/p>\n\n\n\n<p><a href=\"http:\/\/www.langages.ch\/blog\/events\/categorie\/agenda\/type-dactivite\/conference\/\">Conf\u00e9rence<\/a><\/p>\n\n\n\n<p><a href=\"http:\/\/www.langages.ch\/blog\/events\/categorie\/agenda\/type-dactivite\/culte\/\">Culte<\/a><br><em>Cultes \u00e0 l\u2019Abbaye de Montheron dans le cadre de la Paroisse \u00e9vang\u00e9lique r\u00e9form\u00e9e du Haut-Talent<\/em>.<\/p>\n\n\n\n<p><strong>E<\/strong><\/p>\n\n\n\n<hr class=\"wp-block-separator\"\/>\n\n\n\n<p><a href=\"http:\/\/www.langages.ch\/blog\/events\/categorie\/agenda\/type-dactivite\/enfants\/\">Enfants<\/a><br><em>Activit\u00e9s organis\u00e9es pour ou avec des enfants!<\/em><\/p>\n\n\n\n<p><a href=\"http:\/\/www.langages.ch\/blog\/events\/categorie\/agenda\/type-dactivite\/excursion\/\">Excursion<\/a><\/p>\n\n\n\n<p><strong>F<\/strong><\/p>\n\n\n\n<hr class=\"wp-block-separator\"\/>\n\n\n\n<p><a href=\"http:\/\/www.langages.ch\/blog\/events\/categorie\/agenda\/instrument\/flute\/\">Fl\u00fbte<\/a><\/p>\n\n\n\n<p><strong>G<\/strong><\/p>\n\n\n\n<hr class=\"wp-block-separator\"\/>\n\n\n\n<p><a href=\"http:\/\/www.langages.ch\/blog\/events\/categorie\/agenda\/association\/guilde-des-carillonneurs-suisses\/\">Guilde des Carillonneurs Suisses&nbsp;<\/a><\/p>\n\n\n\n<p><strong>I<\/strong><\/p>\n\n\n\n<hr class=\"wp-block-separator\"\/>\n\n\n\n<p><a href=\"http:\/\/www.langages.ch\/blog\/events\/categorie\/agenda\/instrument\/\">Instrument<\/a><\/p>\n\n\n\n<p><strong>J<\/strong><\/p>\n\n\n\n<hr class=\"wp-block-separator\"\/>\n\n\n\n<p><a href=\"http:\/\/www.langages.ch\/blog\/events\/categorie\/agenda\/association\/je-trottine-dans-ma-ville\/\">Je trottine dans ma ville&nbsp;<\/a><br><em>Prochaines activit\u00e9s pour les enfants en collaboration avec \u00ab Je trottine dans ma ville \u00bb ou \u00ab J\u2019explore ma ville \u00bb!\u00ab<\/em><\/p>\n\n\n\n<p><strong>O<\/strong><\/p>\n\n\n\n<hr class=\"wp-block-separator\"\/>\n\n\n\n<p><a href=\"http:\/\/www.langages.ch\/blog\/events\/categorie\/agenda\/instrument\/orgue\/\">Orgue<\/a><\/p>\n\n\n\n<p><strong>P<\/strong><\/p>\n\n\n\n<hr class=\"wp-block-separator\"\/>\n\n\n\n<p><a href=\"http:\/\/www.langages.ch\/blog\/events\/categorie\/agenda\/association\/pakomuze\/\">P\u00e2KOMUZ\u00e9<\/a><br><em>Manifestations \u00e0 l\u2019Abbaye de Montheron au printemps dans le cadre de P\u00e2KOMUZ\u00e9 (vos vacances de P\u00e2ques dans plus de 35 mus\u00e9es vaudois).<\/em><\/p>\n\n\n\n<p><a href=\"http:\/\/www.langages.ch\/blog\/events\/categorie\/agenda\/association\/parc-naturel-du-jorat\/\">Parc Naturel du Jorat<\/a><\/p>\n\n\n\n<p><a href=\"http:\/\/www.langages.ch\/blog\/events\/categorie\/agenda\/association\/paroisse-du-haut-talent\/\">Paroisse du Haut-Talent<\/a><\/p>\n\n\n\n<p><a href=\"http:\/\/www.langages.ch\/blog\/events\/categorie\/agenda\/association\/petit-calendrier-des-fetes\/\">Petit calendrier des f\u00eates<\/a><br> <em>Chaque ann\u00e9e, \u00able petit calendrier des f\u00eates\u00bb vous propose un choix non exhaustif de plus de 90 animations \u00e0 travers Lausanne, de fin novembre \u00e0 d\u00e9but janvier. Ici, les animations \u00e0 l&rsquo;Abbaye de Montheron et au carillon de Chantemerle.<\/em><\/p>\n\n\n\n<p><a href=\"http:\/\/www.langages.ch\/blog\/events\/categorie\/agenda\/instrument\/piano\/\">Piano<\/a><br><em>Concerts avec piano solo ou en ensemble<\/em><\/p>\n\n\n\n<p><strong>R<\/strong><\/p>\n\n\n\n<hr class=\"wp-block-separator\"\/>\n\n\n\n<p><a href=\"http:\/\/www.langages.ch\/blog\/events\/categorie\/agenda\/type-dactivite\/repas\/\">Repas<\/a><\/p>\n\n\n\n<p><strong>T<\/strong><\/p>\n\n\n\n<hr class=\"wp-block-separator\"\/>\n\n\n\n<p><a href=\"http:\/\/www.langages.ch\/blog\/events\/categorie\/agenda\/type-dactivite\/\">Type d\u2019activit\u00e9<\/a><\/p>\n\n\n\n<p><strong>U<\/strong><\/p>\n\n\n\n<hr class=\"wp-block-separator\"\/>\n\n\n\n<p><a href=\"http:\/\/www.langages.ch\/blog\/events\/categorie\/agenda\/association\/universite-populaire-de-lausanne\/\">Universit\u00e9 Populaire de Lausanne<\/a><\/p>\n\n\n\n<p><strong>V<\/strong><\/p>\n\n\n\n<hr class=\"wp-block-separator\"\/>\n\n\n\n<p><a href=\"http:\/\/www.langages.ch\/blog\/events\/categorie\/agenda\/type-dactivite\/visite-guidee\/\">Visite guid\u00e9e<\/a><\/p>\n","protected":false},"excerpt":{"rendered":"<p>Liste des cat\u00e9gories d\u2019\u00e9v\u00e9nements du site langages.ch : Liste des cat\u00e9gories d\u2019\u00e9v\u00e9nements avec description du site langages.ch : A Abbaye de Montheron&nbsp;Concerts, balades, visites et autres manifestations autour de l\u2019Abbaye de Montheron Agenda Association Association de Pully-Nord Atelier B Balade th\u00e9matique Bol de rizIl s\u2019agit d\u2019un repas tr\u00e8s simple au profit des oeuvres d\u2019entraide de notre Eglise au\u2026 <span class=\"read-more\"><a href=\"https:\/\/www.carillons.ch\/blog\/plan-du-site\/categories-devenements\/\">Lire la suite &raquo;<\/a><\/span><\/p>\n","protected":false},"author":1,"featured_media":0,"parent":13062,"menu_order":0,"comment_status":"closed","ping_status":"closed","template":"","meta":{"sfsi_plus_gutenberg_text_before_share":"","sfsi_plus_gutenberg_show_text_before_share":"","sfsi_plus_gutenberg_icon_type":"","sfsi_plus_gutenberg_icon_alignemt":"","sfsi_plus_gutenburg_max_per_row":"","_EventAllDay":false,"_EventTimezone":"","_EventStartDate":"","_EventEndDate":"","_EventStartDateUTC":"","_EventEndDateUTC":"","_EventShowMap":false,"_EventShowMapLink":false,"_EventURL":"","_EventCost":"","_EventCostDescription":"","_EventCurrencySymbol":"","_EventCurrencyCode":"","_EventCurrencyPosition":"","_EventDateTimeSeparator":"","_EventTimeRangeSeparator":"","_EventOrganizerID":[],"_EventVenueID":[],"_OrganizerEmail":"","_OrganizerPhone":"","_OrganizerWebsite":"","_VenueAddress":"","_VenueCity":"","_VenueCountry":"","_VenueProvince":"","_VenueState":"","_VenueZip":"","_VenuePhone":"","_VenueURL":"","_VenueStateProvince":"","_VenueLat":"","_VenueLng":"","_VenueShowMap":false,"_VenueShowMapLink":false,"footnotes":""},"class_list":["post-12692","page","type-page","status-publish","hentry"],"_links":{"self":[{"href":"https:\/\/www.carillons.ch\/blog\/wp-json\/wp\/v2\/pages\/12692","targetHints":{"allow":["GET"]}}],"collection":[{"href":"https:\/\/www.carillons.ch\/blog\/wp-json\/wp\/v2\/pages"}],"about":[{"href":"https:\/\/www.carillons.ch\/blog\/wp-json\/wp\/v2\/types\/page"}],"author":[{"embeddable":true,"href":"https:\/\/www.carillons.ch\/blog\/wp-json\/wp\/v2\/users\/1"}],"replies":[{"embeddable":true,"href":"https:\/\/www.carillons.ch\/blog\/wp-json\/wp\/v2\/comments?post=12692"}],"version-history":[{"count":32,"href":"https:\/\/www.carillons.ch\/blog\/wp-json\/wp\/v2\/pages\/12692\/revisions"}],"predecessor-version":[{"id":14475,"href":"https:\/\/www.carillons.ch\/blog\/wp-json\/wp\/v2\/pages\/12692\/revisions\/14475"}],"up":[{"embeddable":true,"href":"https:\/\/www.carillons.ch\/blog\/wp-json\/wp\/v2\/pages\/13062"}],"wp:attachment":[{"href":"https:\/\/www.carillons.ch\/blog\/wp-json\/wp\/v2\/media?parent=12692"}],"curies":[{"name":"wp","href":"https:\/\/api.w.org\/{rel}","templated":true}]}}