{"id":13513,"date":"2020-01-24T18:25:03","date_gmt":"2020-01-24T17:25:03","guid":{"rendered":"http:\/\/www.langages.ch\/blog\/?page_id=13513"},"modified":"2021-02-16T19:41:55","modified_gmt":"2021-02-16T18:41:55","slug":"index-abbaye-de-montheron","status":"publish","type":"page","link":"https:\/\/www.carillons.ch\/blog\/index-abbaye-de-montheron\/","title":{"rendered":"Index Abbaye de Montheron"},"content":{"rendered":"\n<p>L\u2019association des Amis de l\u2019Abbaye de Montheron a \u00e9t\u00e9 fond\u00e9e le 25 mars 1993. Elle vous accueille dans le cadre bucolique de la vall\u00e9e de Montheron et du Talent, choisie par les moines cisterciens en 1145 pour y \u00e9tablir leur abbaye. Elle y organise des concerts, des balades th\u00e9matiques, des visites guid\u00e9es.\u00a0<\/p>\n\n\n\n<p>Le site officiel se trouve sur la page : <a href=\"http:\/\/www.abbaye-de-montheron.ch\" target=\"_blank\" rel=\"noreferrer noopener\">http:\/\/www.abbaye-de-montheron.ch<\/a><\/p>\n\n\n\n<p><strong>Abbaye de Montheron<\/strong>, heures d&rsquo;ouverture: Lu-Di 8h-20h, l\u2019\u00e9glise et la salle capitulaire sont ouvertes tous les jours de 8h \u00e0 20h pour les visiteurs. Visites guid\u00e9es sur&nbsp;<em><a href=\"http:\/\/www.langages.ch\/blog\/contact\/\">demande<\/a><\/em>!&nbsp;<\/p>\n\n\n<div id=\"pl-gb13513-6a07cf7dd15b0\"  class=\"panel-layout\" ><div id=\"pg-gb13513-6a07cf7dd15b0-0\"  class=\"panel-grid panel-no-style\" ><div id=\"pgc-gb13513-6a07cf7dd15b0-0-0\"  class=\"panel-grid-cell\" ><div id=\"panel-gb13513-6a07cf7dd15b0-0-0-0\" class=\"so-panel widget widget_nav_menu panel-first-child panel-last-child\" data-index=\"0\" ><h3 class=\"widget-title\">Index Abbaye de Montheron<\/h3><div class=\"menu-aaam2-abbaye-de-montheron-container\"><ul id=\"menu-aaam2-abbaye-de-montheron\" class=\"menu\"><li id=\"menu-item-13518\" class=\"menu-item menu-item-type-taxonomy menu-item-object-tribe_events_cat menu-item-13518\"><a href=\"https:\/\/www.carillons.ch\/blog\/events\/categorie\/agenda\/association\/abbaye-de-montheron\/\" title=\"AGENDA Abbaye de Montheron\">AGENDA &#8230; Concerts et autres manifestations<\/a><\/li>\n<li id=\"menu-item-13519\" class=\"menu-item menu-item-type-taxonomy menu-item-object-category menu-item-13519\"><a href=\"https:\/\/www.carillons.ch\/blog\/sujet\/associations\/aaam-abbaye-de-montheron\/\" title=\"ARTICLES &#8230; Abbaye de Montheron\">ARTICLES &#8230; tous les articles<\/a><\/li>\n<li id=\"menu-item-13508\" class=\"menu-item menu-item-type-post_type menu-item-object-post menu-item-13508\"><a href=\"https:\/\/www.carillons.ch\/blog\/lettre-de-nouvelles-abbaye-de-montheron\/\">NOUVELLES &#8230; Inscription \u00e0 la Lettre de nouvelles<\/a><\/li>\n<li id=\"menu-item-13524\" class=\"menu-item menu-item-type-post_type menu-item-object-page menu-item-13524\"><a href=\"https:\/\/www.carillons.ch\/blog\/revue-montheron\/\" title=\"Revue et Programme des Amis de l&rsquo;Abbaye de Montheron\">REVUE &#8230; Revue et Programme des Amis de l&rsquo;Abbaye de Montheron<\/a><\/li>\n<li id=\"menu-item-13525\" class=\"menu-item menu-item-type-post_type menu-item-object-post menu-item-13525\"><a href=\"https:\/\/www.carillons.ch\/blog\/visites-guidees-a-labbaye-de-montheron\/\">VISITES &#8230; Visites guid\u00e9es \u00e0 l&rsquo;Abbaye de Montheron<\/a><\/li>\n<li id=\"menu-item-13520\" class=\"menu-item menu-item-type-post_type menu-item-object-page menu-item-13520\"><a href=\"https:\/\/www.carillons.ch\/blog\/index-parc-naturel-du-jorat\/\">PARC &#8230; Parc Naturel du Jorat, Porte d&rsquo;entr\u00e9e<\/a><\/li>\n<li id=\"menu-item-13527\" class=\"menu-item menu-item-type-post_type menu-item-object-post menu-item-13527\"><a href=\"https:\/\/www.carillons.ch\/blog\/cartes-et-horaires-des-bus-abbaye-de-montheron\/\">ACC\u00c8S &#8230; Cartes et horaires des bus \/ Abbaye de Montheron<\/a><\/li>\n<li id=\"menu-item-13544\" class=\"menu-item menu-item-type-post_type menu-item-object-page menu-item-13544\"><a href=\"https:\/\/www.carillons.ch\/blog\/contact\/\">CONTACT &#8230; \u00e9crivez-nous !<\/a><\/li>\n<li id=\"menu-item-13528\" class=\"menu-item menu-item-type-post_type menu-item-object-post menu-item-13528\"><a href=\"https:\/\/www.carillons.ch\/blog\/association-des-amis-de-labbaye-de-montheron\/\">ADH\u00c9SION &#8230; Association des Amis de l&rsquo;Abbaye de Montheron<\/a><\/li>\n<li id=\"menu-item-13542\" class=\"menu-item menu-item-type-post_type menu-item-object-page menu-item-13542\"><a href=\"https:\/\/www.carillons.ch\/blog\/index-historique-abbaye-de-montheron\/\">HISTOIRE &#8230; Documentation historique sur l&rsquo;Abbaye de Montheron<\/a><\/li>\n<li id=\"menu-item-13522\" class=\"menu-item menu-item-type-taxonomy menu-item-object-category menu-item-13522\"><a href=\"https:\/\/www.carillons.ch\/blog\/sujet\/associations\/chapelle-du-dezaley\/\">CHAPELLE &#8230; Chapelle gothique et grange viticole du D\u00e9zaley<\/a><\/li>\n<li id=\"menu-item-13505\" class=\"menu-item menu-item-type-post_type menu-item-object-post menu-item-13505\"><a href=\"https:\/\/www.carillons.ch\/blog\/page-facebook-abbaye-de-montheron\/\">FACEBOOK &#8230; Page Facebook Abbaye de Montheron<\/a><\/li>\n<li id=\"menu-item-13507\" class=\"menu-item menu-item-type-post_type menu-item-object-post menu-item-13507\"><a href=\"https:\/\/www.carillons.ch\/blog\/page-instagram-de-labbaye-de-montheron\/\" title=\"Page Instagram Abbaye de Montheron\">INSTAGRAM<\/a><\/li>\n<li id=\"menu-item-13506\" class=\"menu-item menu-item-type-post_type menu-item-object-post menu-item-13506\"><a href=\"https:\/\/www.carillons.ch\/blog\/c-page-twitter-abbaye-de-montheron\/\" title=\"Page Twitter Abbaye de Montheron\">TWITTER<\/a><\/li>\n<li id=\"menu-item-13509\" class=\"menu-item menu-item-type-post_type menu-item-object-post menu-item-13509\"><a href=\"https:\/\/www.carillons.ch\/blog\/orgue-de-tribune-denis-londe-jura-francais-2007\/\">ORGUE &#8230; Orgue de tribune Denis Londe 2007<\/a><\/li>\n<li id=\"menu-item-13512\" class=\"menu-item menu-item-type-post_type menu-item-object-post menu-item-13512\"><a href=\"https:\/\/www.carillons.ch\/blog\/orgue-de-choeur-sumiswald-berne-1860\/\">ORGUE &#8230; Orgue de choeur Sumiswald (Berne) 1860<\/a><\/li>\n<li id=\"menu-item-13510\" class=\"menu-item menu-item-type-post_type menu-item-object-post menu-item-13510\"><a href=\"https:\/\/www.carillons.ch\/blog\/orgue-positif-walpen-au-dezaley\/\">ORGUE &#8230; Orgue positif Walpen au D\u00e9zaley 1800<\/a><\/li>\n<li id=\"menu-item-14583\" class=\"menu-item menu-item-type-post_type menu-item-object-post menu-item-14583\"><a href=\"https:\/\/www.carillons.ch\/blog\/daniel-thomas-organiste\/\" title=\"Daniel Thomas, organiste\">ORGANISTE &#8230; Daniel Thomas<\/a><\/li>\n<li id=\"menu-item-13521\" class=\"menu-item menu-item-type-post_type menu-item-object-post menu-item-13521\"><a href=\"https:\/\/www.carillons.ch\/blog\/carillon-de-labbaye-de-montheron-en-construction\/\">CARILLON &#8230; Carillon de Montheron en construction<\/a><\/li>\n<li id=\"menu-item-13511\" class=\"menu-item menu-item-type-post_type menu-item-object-post menu-item-13511\"><a href=\"https:\/\/www.carillons.ch\/blog\/petit-carillon-des-orgues-de-labbaye-de-montheron\/\">CARILLON &#8230; Petit carillon des orgues de l&rsquo;Abbaye de Montheron<\/a><\/li>\n<li id=\"menu-item-13526\" class=\"menu-item menu-item-type-post_type menu-item-object-post menu-item-13526\"><a href=\"https:\/\/www.carillons.ch\/blog\/eglise-actuelle-de-montheron\/\">\u00c9GLISE &#8230; L&rsquo;\u00e9glise actuelle de Montheron<\/a><\/li>\n<li id=\"menu-item-13658\" class=\"menu-item menu-item-type-custom menu-item-object-custom menu-item-13658\"><a href=\"https:\/\/www.langages.ch\/blog\/tag\/vitrail-abbaye-de-montheron\/\">VITRAUX &#8230; de l&rsquo;\u00e9glise de Montheron<\/a><\/li>\n<li id=\"menu-item-13523\" class=\"menu-item menu-item-type-taxonomy menu-item-object-category menu-item-13523\"><a href=\"https:\/\/www.carillons.ch\/blog\/sujet\/associations\/charte-europeenne-des-abbayes-et-sites-cisterciens\/\">CHARTE &#8230; Charte europ\u00e9enne des sites Cisterciens<\/a><\/li>\n<\/ul><\/div><\/div><\/div><\/div><\/div>\n\n\n<p>Nouvelles de l&rsquo;Abbaye de Montheron:<\/p>\n\n\n\n<figure><iframe loading=\"lazy\" style=\"border: none; overflow: hidden;\" src=\"https:\/\/www.facebook.com\/plugins\/page.php?href=https%3A%2F%2Fwww.facebook.com%2FAbbayedeMontheron%2F&amp;tabs=timeline&amp;width=600&amp;height=1400&amp;small_header=false&amp;adapt_container_width=true&amp;hide_cover=false&amp;show_facepile=false&amp;appId=341524735956895\" width=\"600\" height=\"1400\" frameborder=\"0\" scrolling=\"no\"><\/iframe><\/figure>\n\n\n\n<p>Soutenez notre association en faisant un don avec Twint ou avec notre Iban :  Banque Raiffeisen du Gros-de-Vaud 1040 Echallens<br>pour :  Ass. des amis de l\u2019Abbaye de Montheron<br>Ch. de Beaumont 8<br>1053 Cugy VD         IBAN CH91 8080 8008 5985 0352 0<\/p>\n\n\n\n<figure class=\"wp-block-image size-full\"><a href=\"https:\/\/www.carillons.ch\/blog\/wp-content\/uploads\/TWINT_Montant-personalise_FR-AAAM2-logo.png\"><img loading=\"lazy\" decoding=\"async\" width=\"1087\" height=\"607\" src=\"https:\/\/www.carillons.ch\/blog\/wp-content\/uploads\/TWINT_Montant-personalise_FR-AAAM2-logo.png\" alt=\"\" class=\"wp-image-15119\" srcset=\"https:\/\/www.carillons.ch\/blog\/wp-content\/uploads\/TWINT_Montant-personalise_FR-AAAM2-logo.png 1087w, https:\/\/www.carillons.ch\/blog\/wp-content\/uploads\/TWINT_Montant-personalise_FR-AAAM2-logo-300x168.png 300w, https:\/\/www.carillons.ch\/blog\/wp-content\/uploads\/TWINT_Montant-personalise_FR-AAAM2-logo-1024x572.png 1024w, https:\/\/www.carillons.ch\/blog\/wp-content\/uploads\/TWINT_Montant-personalise_FR-AAAM2-logo-150x84.png 150w, https:\/\/www.carillons.ch\/blog\/wp-content\/uploads\/TWINT_Montant-personalise_FR-AAAM2-logo-768x429.png 768w, https:\/\/www.carillons.ch\/blog\/wp-content\/uploads\/TWINT_Montant-personalise_FR-AAAM2-logo-665x371.png 665w\" sizes=\"auto, (max-width: 1087px) 100vw, 1087px\" \/><\/a><\/figure>\n\n\n\n<p><\/p>\n","protected":false},"excerpt":{"rendered":"<p>L\u2019association des Amis de l\u2019Abbaye de Montheron a \u00e9t\u00e9 fond\u00e9e le 25 mars 1993. Elle vous accueille dans le cadre bucolique de la vall\u00e9e de Montheron et du Talent, choisie par les moines cisterciens en 1145 pour y \u00e9tablir leur abbaye. Elle y organise des concerts, des balades th\u00e9matiques, des visites guid\u00e9es. <\/p>\n","protected":false},"author":1,"featured_media":13516,"parent":0,"menu_order":0,"comment_status":"closed","ping_status":"closed","template":"","meta":{"sfsi_plus_gutenberg_text_before_share":"","sfsi_plus_gutenberg_show_text_before_share":"","sfsi_plus_gutenberg_icon_type":"","sfsi_plus_gutenberg_icon_alignemt":"","sfsi_plus_gutenburg_max_per_row":"","_EventAllDay":false,"_EventTimezone":"","_EventStartDate":"","_EventEndDate":"","_EventStartDateUTC":"","_EventEndDateUTC":"","_EventShowMap":false,"_EventShowMapLink":false,"_EventURL":"","_EventCost":"","_EventCostDescription":"","_EventCurrencySymbol":"","_EventCurrencyCode":"","_EventCurrencyPosition":"","_EventDateTimeSeparator":"","_EventTimeRangeSeparator":"","_EventOrganizerID":[],"_EventVenueID":[],"_OrganizerEmail":"","_OrganizerPhone":"","_OrganizerWebsite":"","_VenueAddress":"","_VenueCity":"","_VenueCountry":"","_VenueProvince":"","_VenueState":"","_VenueZip":"","_VenuePhone":"","_VenueURL":"","_VenueStateProvince":"","_VenueLat":"","_VenueLng":"","_VenueShowMap":false,"_VenueShowMapLink":false,"footnotes":""},"class_list":["post-13513","page","type-page","status-publish","has-post-thumbnail","hentry"],"_links":{"self":[{"href":"https:\/\/www.carillons.ch\/blog\/wp-json\/wp\/v2\/pages\/13513","targetHints":{"allow":["GET"]}}],"collection":[{"href":"https:\/\/www.carillons.ch\/blog\/wp-json\/wp\/v2\/pages"}],"about":[{"href":"https:\/\/www.carillons.ch\/blog\/wp-json\/wp\/v2\/types\/page"}],"author":[{"embeddable":true,"href":"https:\/\/www.carillons.ch\/blog\/wp-json\/wp\/v2\/users\/1"}],"replies":[{"embeddable":true,"href":"https:\/\/www.carillons.ch\/blog\/wp-json\/wp\/v2\/comments?post=13513"}],"version-history":[{"count":13,"href":"https:\/\/www.carillons.ch\/blog\/wp-json\/wp\/v2\/pages\/13513\/revisions"}],"predecessor-version":[{"id":15213,"href":"https:\/\/www.carillons.ch\/blog\/wp-json\/wp\/v2\/pages\/13513\/revisions\/15213"}],"wp:featuredmedia":[{"embeddable":true,"href":"https:\/\/www.carillons.ch\/blog\/wp-json\/wp\/v2\/media\/13516"}],"wp:attachment":[{"href":"https:\/\/www.carillons.ch\/blog\/wp-json\/wp\/v2\/media?parent=13513"}],"curies":[{"name":"wp","href":"https:\/\/api.w.org\/{rel}","templated":true}]}}