{"id":13963,"date":"2020-02-02T05:32:04","date_gmt":"2020-02-02T04:32:04","guid":{"rendered":"http:\/\/www.langages.ch\/blog\/?page_id=13963"},"modified":"2020-08-27T22:05:28","modified_gmt":"2020-08-27T20:05:28","slug":"programmes-des-animations-parc-naturel-du-jorat","status":"publish","type":"page","link":"https:\/\/www.carillons.ch\/blog\/programmes-des-animations-parc-naturel-du-jorat\/","title":{"rendered":"Programmes des animations, Parc Naturel du Jorat"},"content":{"rendered":"\n<p>Le programme des animations 2020 est en cours cr\u00e9ation et sera disponible courant f\u00e9vrier. <\/p>\n\n\n\n<p>L&rsquo;Abbaye de Montheron participe \u00e0 ce programme d&rsquo;activit\u00e9 du Parc en tant porte d&rsquo;entr\u00e9e de ce Parc et centre culturel, patrimonial, arch\u00e9ologique et historique du Jorat.<\/p>\n\n\n<div id=\"pl-gb13963-69e06a3e0129f\"  class=\"panel-layout\" ><div id=\"pg-gb13963-69e06a3e0129f-0\"  class=\"panel-grid panel-no-style\" ><div id=\"pgc-gb13963-69e06a3e0129f-0-0\"  class=\"panel-grid-cell\" ><div id=\"panel-gb13963-69e06a3e0129f-0-0-0\" class=\"so-panel widget widget_nav_menu panel-first-child panel-last-child\" data-index=\"0\" ><h3 class=\"widget-title\">Programmes d&rsquo;activit\u00e9s du Parc Naturel du Jorat<\/h3><div class=\"menu-pnpjorat-activites-container\"><ul id=\"menu-pnpjorat-activites\" class=\"menu\"><li id=\"menu-item-13982\" class=\"menu-item menu-item-type-post_type menu-item-object-post menu-item-13982\"><a href=\"https:\/\/www.carillons.ch\/blog\/jorat-programme-dactivites-2018\/\">Jorat, Programme d\u2019activit\u00e9s 2018<\/a><\/li>\n<li id=\"menu-item-13993\" class=\"menu-item menu-item-type-post_type menu-item-object-post menu-item-13993\"><a href=\"https:\/\/www.carillons.ch\/blog\/jorat-programme-dactivites-2017\/\">Jorat, programme d\u2019activit\u00e9s 2017<\/a><\/li>\n<\/ul><\/div><\/div><\/div><\/div><\/div>\n\n\n<p>Vous trouverez ce programme sur la page :<\/p>\n\n\n\n<figure class=\"wp-block-embed-wordpress wp-block-embed is-type-wp-embed is-provider-parc-naturel-du-jorat\"><div class=\"wp-block-embed__wrapper\">\n<blockquote class=\"wp-embedded-content\" data-secret=\"6YRiQQEc9m\"><a href=\"https:\/\/jorat.org\/activites\/\">Participez \u00e0 nos activit\u00e9s<\/a><\/blockquote><iframe loading=\"lazy\" class=\"wp-embedded-content\" sandbox=\"allow-scripts\" security=\"restricted\" style=\"position: absolute; clip: rect(1px, 1px, 1px, 1px);\" title=\"\u00ab\u00a0Participez \u00e0 nos activit\u00e9s\u00a0\u00bb &#8212; Parc naturel du Jorat\" src=\"https:\/\/jorat.org\/activites\/embed\/#?secret=HOz6HaOtmv#?secret=6YRiQQEc9m\" data-secret=\"6YRiQQEc9m\" width=\"600\" height=\"338\" frameborder=\"0\" marginwidth=\"0\" marginheight=\"0\" scrolling=\"no\"><\/iframe>\n<\/div><\/figure>\n\n\n\n<p>Programme des animations 2019 :<\/p>\n\n\n<a href=\"https:\/\/www.carillons.ch\/blog\/wp-content\/uploads\/Programme-2019-Jorat.pdf\" class=\"pdfemb-viewer\" style=\"\" data-width=\"max\" data-height=\"max\" data-toolbar=\"bottom\" data-toolbar-fixed=\"off\">Programme-2019-Jorat<\/a>\n<p class=\"wp-block-pdfemb-pdf-embedder-viewer\"><\/p>\n\n\n\n<div class=\"wp-block-file\"><a href=\"http:\/\/www.langages.ch\/blog\/wp-content\/uploads\/Programme-2019-Jorat.pdf\">Programme-2019-Jorat<\/a><a href=\"http:\/\/www.langages.ch\/blog\/wp-content\/uploads\/Programme-2019-Jorat.pdf\" class=\"wp-block-file__button\" download>T\u00e9l\u00e9charger<\/a><\/div>\n","protected":false},"excerpt":{"rendered":"<p>Le programme des animations 2020 est en cours cr\u00e9ation et sera disponible courant f\u00e9vrier. L&rsquo;Abbaye de Montheron participe \u00e0 ce programme d&rsquo;activit\u00e9 du Parc en tant porte d&rsquo;entr\u00e9e de ce Parc et centre culturel, patrimonial, arch\u00e9ologique et historique du Jorat. Vous trouverez ce programme sur la page : Programme des animations 2019 :<\/p>\n","protected":false},"author":1,"featured_media":13968,"parent":0,"menu_order":0,"comment_status":"closed","ping_status":"closed","template":"","meta":{"sfsi_plus_gutenberg_text_before_share":"","sfsi_plus_gutenberg_show_text_before_share":"","sfsi_plus_gutenberg_icon_type":"","sfsi_plus_gutenberg_icon_alignemt":"","sfsi_plus_gutenburg_max_per_row":"","_EventAllDay":false,"_EventTimezone":"","_EventStartDate":"","_EventEndDate":"","_EventStartDateUTC":"","_EventEndDateUTC":"","_EventShowMap":false,"_EventShowMapLink":false,"_EventURL":"","_EventCost":"","_EventCostDescription":"","_EventCurrencySymbol":"","_EventCurrencyCode":"","_EventCurrencyPosition":"","_EventDateTimeSeparator":"","_EventTimeRangeSeparator":"","_EventOrganizerID":[],"_EventVenueID":[],"_OrganizerEmail":"","_OrganizerPhone":"","_OrganizerWebsite":"","_VenueAddress":"","_VenueCity":"","_VenueCountry":"","_VenueProvince":"","_VenueState":"","_VenueZip":"","_VenuePhone":"","_VenueURL":"","_VenueStateProvince":"","_VenueLat":"","_VenueLng":"","_VenueShowMap":false,"_VenueShowMapLink":false,"footnotes":""},"class_list":["post-13963","page","type-page","status-publish","has-post-thumbnail","hentry"],"_links":{"self":[{"href":"https:\/\/www.carillons.ch\/blog\/wp-json\/wp\/v2\/pages\/13963","targetHints":{"allow":["GET"]}}],"collection":[{"href":"https:\/\/www.carillons.ch\/blog\/wp-json\/wp\/v2\/pages"}],"about":[{"href":"https:\/\/www.carillons.ch\/blog\/wp-json\/wp\/v2\/types\/page"}],"author":[{"embeddable":true,"href":"https:\/\/www.carillons.ch\/blog\/wp-json\/wp\/v2\/users\/1"}],"replies":[{"embeddable":true,"href":"https:\/\/www.carillons.ch\/blog\/wp-json\/wp\/v2\/comments?post=13963"}],"version-history":[{"count":6,"href":"https:\/\/www.carillons.ch\/blog\/wp-json\/wp\/v2\/pages\/13963\/revisions"}],"predecessor-version":[{"id":14947,"href":"https:\/\/www.carillons.ch\/blog\/wp-json\/wp\/v2\/pages\/13963\/revisions\/14947"}],"wp:featuredmedia":[{"embeddable":true,"href":"https:\/\/www.carillons.ch\/blog\/wp-json\/wp\/v2\/media\/13968"}],"wp:attachment":[{"href":"https:\/\/www.carillons.ch\/blog\/wp-json\/wp\/v2\/media?parent=13963"}],"curies":[{"name":"wp","href":"https:\/\/api.w.org\/{rel}","templated":true}]}}