{"id":14276,"date":"2020-02-17T06:32:08","date_gmt":"2020-02-17T05:32:08","guid":{"rendered":"http:\/\/www.langages.ch\/blog\/?page_id=14276"},"modified":"2020-02-18T05:57:46","modified_gmt":"2020-02-18T04:57:46","slug":"index-federation-mondiale-du-carillon","status":"publish","type":"page","link":"https:\/\/www.carillons.ch\/blog\/index-federation-mondiale-du-carillon\/","title":{"rendered":"Index F\u00e9d\u00e9ration Mondiale du Carillon"},"content":{"rendered":"\n<p>La FMC est un groupement de guildes de carillonneurs et d\u2019associations de carillon qui peuvent \u00eatre multinationales, nationales ou r\u00e9gionales. Vous trouverez le site officiel de la FMC sur la page : <a rel=\"noreferrer noopener\" aria-label=\"http:\/\/carillon.org\/fra\/dynamic_frame_fra.htm (s\u2019ouvre dans un nouvel onglet)\" href=\"http:\/\/carillon.org\/fra\/dynamic_frame_fra.htm\" target=\"_blank\">http:\/\/carillon.org\/fra\/dynamic_frame_fra.htm<\/a><\/p>\n\n\n\n<p><em>Le Carillon de Chantemerle est l\u2019un des carillons suisses reconnus par la FMC et la Guilde des Carillonneurs Suisses est membre de la FMC.<\/em><\/p>\n\n\n<div id=\"pl-gb14276-69f85ac81919a\"  class=\"panel-layout\" ><div id=\"pg-gb14276-69f85ac81919a-0\"  class=\"panel-grid panel-no-style\" ><div id=\"pgc-gb14276-69f85ac81919a-0-0\"  class=\"panel-grid-cell\" ><div id=\"panel-gb14276-69f85ac81919a-0-0-0\" class=\"so-panel widget widget_nav_menu panel-first-child panel-last-child\" data-index=\"0\" ><h3 class=\"widget-title\">Index FMC F\u00e9d\u00e9ration Mondiale du Carillon<\/h3><div class=\"menu-fmc-federation-mondiale-du-carillon-container\"><ul id=\"menu-fmc-federation-mondiale-du-carillon\" class=\"menu\"><li id=\"menu-item-14285\" class=\"menu-item menu-item-type-taxonomy menu-item-object-category menu-item-14285\"><a href=\"https:\/\/www.carillons.ch\/blog\/sujet\/associations\/28-federation-mondiale-du-carillon\/\">ARTICLES &#8230; Carillon F\u00e9d\u00e9ration Mondiale<\/a><\/li>\n<li id=\"menu-item-14286\" class=\"menu-item menu-item-type-post_type menu-item-object-page menu-item-14286\"><a href=\"https:\/\/www.carillons.ch\/blog\/index-federation-mondiale-du-carillon\/\">Index F\u00e9d\u00e9ration Mondiale du Carillon<\/a><\/li>\n<li id=\"menu-item-14287\" class=\"menu-item menu-item-type-post_type menu-item-object-post menu-item-14287\"><a href=\"https:\/\/www.carillons.ch\/blog\/federation-mondiale-du-carillon\/\">F\u00e9d\u00e9ration Mondiale du Carillon<\/a><\/li>\n<li id=\"menu-item-14288\" class=\"menu-item menu-item-type-post_type menu-item-object-post menu-item-14288\"><a href=\"https:\/\/www.carillons.ch\/blog\/carillons-grands-carillons-de-suisse\/\">Carillons: grands carillons de Suisse<\/a><\/li>\n<li id=\"menu-item-14289\" class=\"menu-item menu-item-type-post_type menu-item-object-post menu-item-14289\"><a href=\"https:\/\/www.carillons.ch\/blog\/2017-06-01-juillet-congres-mondial-du-carillon-barcelone-2017\/\">Congr\u00e8s Mondial du Carillon Barcelone 2017<\/a><\/li>\n<\/ul><\/div><\/div><\/div><\/div><\/div>\n\n\n<p>Nouvelles du Congr\u00e8s 2020 de la FMC<\/p>\n\n\n\n<div class=\"powr-social-feed\" id=\"b9a0530e_1582001494\"><\/div><script src=\"https:\/\/www.powr.io\/powr.js?platform=wordpress\"><\/script>\n\n\n\n<p>Articles du site li\u00e9s \u00e0 la FMC :<\/p>\n\n\n      <div id=\"post-grid-lazy-14275\" class=\"post-grid-lazy\"><img decoding=\"async\" alt=\"\" src=\"\" \/><\/div>\n    <script>\n      jQuery('#post-grid-lazy-14275').ready(function($) {\n        $('#post-grid-lazy-14275').fadeOut();\n        $('#post-grid-14275   ').fadeIn();\n      })\n    <\/script>\n    <style type=\"text\/css\">\n      #post-grid-14275 {\n        display: none;\n      }\n\n      .post-grid-lazy {\n        text-align: center;\n      }\n    <\/style>\n    <div data-options='{&quot;id&quot;:&quot;14275&quot;,&quot;lazy_load&quot;:&quot;yes&quot;,&quot;masonry_enable&quot;:&quot;yes&quot;,&quot;view_type&quot;:&quot;grid&quot;}' id=\"post-grid-14275\" class=\"post-grid grid\">\n    \n\n\n    <div class=\"grid-items\">\n      <div class=\"item item-17996 skin flat even 0 \">\n        <div class=\"layer-wrapper layout-\">\n        <div class=\"layer-media\"><a href=\"https:\/\/www.carillons.ch\/blog\/cours-de-carillon\/\"><img decoding=\"async\" alt=\"clavion\" src=\"https:\/\/www.carillons.ch\/blog\/wp-content\/uploads\/Clavion-akoestisch4-300x225.jpeg\" \/><\/a><\/div>\n  <div class=\"layer-content\">\n        <div class=\"element element_0  title_link \">\r\n                    <a target=\"_parent\"\r\n                href=\"https:\/\/www.carillons.ch\/blog\/cours-de-carillon\/\">Cours de carillon<\/a>\r\n            <\/div>\r\n    <div class=\"element element_1  excerpt \">\r\n        Cours de carillon, d\u00e9couvrez l\u2019art du carillon \u00e0 clavier de type flamand, de 4 octaves. Clavier d'\u00e9tude Cours de 40, 50 ou 60 minutes ou            <\/div>\r\n  <\/div>\n    <\/div>\n  <\/div><div class=\"item item-13378 skin flat odd 1 \">\n        <div class=\"layer-wrapper layout-\">\n        <div class=\"layer-media\"><a href=\"https:\/\/www.carillons.ch\/blog\/index-carillon-de-chantemerle-ses-48-cloches\/\"><img decoding=\"async\" alt=\"\" src=\"https:\/\/www.carillons.ch\/blog\/wp-content\/uploads\/24-cloches-nouvelles2_Fotor-300x72.jpg\" \/><\/a><\/div>\n  <div class=\"layer-content\">\n        <div class=\"element element_0  title_link \">\r\n                    <a target=\"_parent\"\r\n                href=\"https:\/\/www.carillons.ch\/blog\/index-carillon-de-chantemerle-ses-48-cloches\/\">Index Carillon de Chantemerle, ses 48 cloches<\/a>\r\n            <\/div>\r\n    <div class=\"element element_1  excerpt \">\r\n        Toutes les informations concernant le Carillon de 48 cloches de Chantemerle \u00e0 Pully, ses cloches, son histoire, ses fondeurs : 48 cloches (la3, si3 \u2013            <\/div>\r\n  <\/div>\n    <\/div>\n  <\/div><div class=\"item item-11497 skin flat even 2 \">\n        <div class=\"layer-wrapper layout-\">\n        <div class=\"layer-media\"><a href=\"https:\/\/www.carillons.ch\/blog\/gccs-guilde-des-carillonneurs-et-campanologues-suisses\/\"><img decoding=\"async\" alt=\"\" src=\"https:\/\/www.carillons.ch\/blog\/wp-content\/uploads\/GCCS_Fotor-300x185.jpg\" \/><\/a><\/div>\n  <div class=\"layer-content\">\n        <div class=\"element element_0  title_link \">\r\n                    <a target=\"_parent\"\r\n                href=\"https:\/\/www.carillons.ch\/blog\/gccs-guilde-des-carillonneurs-et-campanologues-suisses\/\">GCCS, Guilde des carillonneurs et campanologues suisses<\/a>\r\n            <\/div>\r\n    <div class=\"element element_1  excerpt \">\r\n        Gilde der Carillonneure und Campanologen der SchweizGuilde des carillonneurs et campanologues suissesGuild of Carillonneurs and Campanologists of Switzerland Vous trouverez le site officiel de la            <\/div>\r\n  <\/div>\n    <\/div>\n  <\/div><div class=\"item item-10269 skin flat odd 3 \">\n        <div class=\"layer-wrapper layout-\">\n        <div class=\"layer-media\"><a href=\"https:\/\/www.carillons.ch\/blog\/revue-campanae-helveticae-en-pdf\/\"><img decoding=\"async\" alt=\"\" src=\"https:\/\/www.carillons.ch\/blog\/wp-content\/uploads\/Campanae-Helveticae-300x125.jpg\" \/><\/a><\/div>\n  <div class=\"layer-content\">\n        <div class=\"element element_0  title_link \">\r\n                    <a target=\"_parent\"\r\n                href=\"https:\/\/www.carillons.ch\/blog\/revue-campanae-helveticae-en-pdf\/\">Revue Campanae Helveticae en pdf<\/a>\r\n            <\/div>\r\n    <div class=\"element element_1  excerpt \">\r\n        Revue digitalis\u00e9eCampanae Helveticae : organe de la Guilde des Carillonneurs et Campanologues Suisses = Organ der Gilde der Carilloneure und Campanologen der Schweiz A consulter            <\/div>\r\n  <\/div>\n    <\/div>\n  <\/div><div class=\"item item-9546 skin flat even 4 \">\n        <div class=\"layer-wrapper layout-\">\n        <div class=\"layer-media\"><a href=\"https:\/\/www.carillons.ch\/blog\/federation-mondiale-du-carillon\/\"><img decoding=\"async\" alt=\"\" src=\"https:\/\/www.carillons.ch\/blog\/wp-content\/uploads\/Federation-mondiale-carillon-300x183.jpg\" \/><\/a><\/div>\n  <div class=\"layer-content\">\n        <div class=\"element element_0  title_link \">\r\n                    <a target=\"_parent\"\r\n                href=\"https:\/\/www.carillons.ch\/blog\/federation-mondiale-du-carillon\/\">F\u00e9d\u00e9ration Mondiale du Carillon<\/a>\r\n            <\/div>\r\n    <div class=\"element element_1  excerpt \">\r\n        La FMC est un groupement de guildes de carillonneurs et d'associations de carillon qui peuvent \u00eatre multinationales, nationales ou r\u00e9gionales. Vous trouverez le site officiel            <\/div>\r\n  <\/div>\n    <\/div>\n  <\/div><div class=\"item item-9552 skin flat odd 5 \">\n        <div class=\"layer-wrapper layout-\">\n        <div class=\"layer-media\"><a href=\"https:\/\/www.carillons.ch\/blog\/2017-07-03-juillet-concert-de-carillon-a-barcelone\/\"><img decoding=\"async\" alt=\"\" src=\"https:\/\/www.carillons.ch\/blog\/wp-content\/uploads\/05-carillo-campanes-2-1-300x225.jpg\" \/><\/a><\/div>\n  <div class=\"layer-content\">\n        <div class=\"element element_0  title_link \">\r\n                    <a target=\"_parent\"\r\n                href=\"https:\/\/www.carillons.ch\/blog\/2017-07-03-juillet-concert-de-carillon-a-barcelone\/\">Concert de Carillon \u00e0 Barcelone<\/a>\r\n            <\/div>\r\n    <div class=\"element element_1  excerpt \">\r\n        Daniel Thomas, carillonneur, membre de la Guilde suisse, a donn\u00e9 deux concerts de carillon lors du Congr\u00e8s Mondial du Carillon. Au programme du carillonneur: Daniel            <\/div>\r\n  <\/div>\n    <\/div>\n  <\/div><div class=\"item item-9540 skin flat even 6 \">\n        <div class=\"layer-wrapper layout-\">\n        <div class=\"layer-media\"><a href=\"https:\/\/www.carillons.ch\/blog\/2017-06-01-juillet-congres-mondial-du-carillon-barcelone-2017\/\"><img decoding=\"async\" alt=\"\" src=\"https:\/\/www.carillons.ch\/blog\/wp-content\/uploads\/04-carillo-nit-jordi-bedmar-juliol-2002-2-300x225.jpg\" \/><\/a><\/div>\n  <div class=\"layer-content\">\n        <div class=\"element element_0  title_link \">\r\n                    <a target=\"_parent\"\r\n                href=\"https:\/\/www.carillons.ch\/blog\/2017-06-01-juillet-congres-mondial-du-carillon-barcelone-2017\/\">Congr\u00e8s Mondial du Carillon Barcelone 2017<\/a>\r\n            <\/div>\r\n    <div class=\"element element_1  excerpt \">\r\n        Le XIX\u00e8me Congr\u00e8s de la F\u00e9d\u00e9ration Mondiale du Carillon a eu lieu en 2017 au Palais de la G\u00e9n\u00e9ralit\u00e9 \u00e0 Barcelone. Ce Palais est le            <\/div>\r\n  <\/div>\n    <\/div>\n  <\/div><div class=\"item item-7180 skin flat odd 7 \">\n        <div class=\"layer-wrapper layout-\">\n        <div class=\"layer-media\"><a href=\"https:\/\/www.carillons.ch\/blog\/carillons-grands-carillons-de-suisse\/\"><img decoding=\"async\" alt=\"Carillon\" src=\"https:\/\/www.carillons.ch\/blog\/wp-content\/uploads\/article-carillon-300x198.jpg\" \/><\/a><\/div>\n  <div class=\"layer-content\">\n        <div class=\"element element_0  title_link \">\r\n                    <a target=\"_parent\"\r\n                href=\"https:\/\/www.carillons.ch\/blog\/carillons-grands-carillons-de-suisse\/\">Carillons: grands carillons de Suisse<\/a>\r\n            <\/div>\r\n    <div class=\"element element_1  excerpt \">\r\n        Le carillonneur et les grands carillons en Suisse Article publi\u00e9 dans la&nbsp;Revue Musicale Suisse, janvier 2014. Lire l'article \"carillons\"&nbsp;en pdf. On consid\u00e8re souvent l\u2019orgue comme            <\/div>\r\n  <\/div>\n    <\/div>\n  <\/div><div class=\"item item-4681 skin flat even 8 \">\n        <div class=\"layer-wrapper layout-\">\n        <div class=\"layer-media\"><a href=\"https:\/\/www.carillons.ch\/blog\/concerts-de-carillon-a-zofingue\/\"><img decoding=\"async\" alt=\"\" src=\"https:\/\/www.carillons.ch\/blog\/wp-content\/uploads\/zofingue-300x193.jpg\" \/><\/a><\/div>\n  <div class=\"layer-content\">\n        <div class=\"element element_0  title_link \">\r\n                    <a target=\"_parent\"\r\n                href=\"https:\/\/www.carillons.ch\/blog\/concerts-de-carillon-a-zofingue\/\">Carillon de Zofingue et concerts<\/a>\r\n            <\/div>\r\n    <div class=\"element element_1  excerpt \">\r\n        Il y a chaque ann\u00e9e des concerts de carillon au carillon de Zofingue (Zofingen) (Mitglieder der Glockenspielkommission organisieren pro Jahr 5 Konzerte.) Une id\u00e9e d'excursion:            <\/div>\r\n  <\/div>\n    <\/div>\n  <\/div><div class=\"item item-6441 skin flat odd 9 \">\n        <div class=\"layer-wrapper layout-\">\n        <div class=\"layer-media\"><a href=\"https:\/\/www.carillons.ch\/blog\/concerts-de-carillon-a-lens-vs\/\"><img decoding=\"async\" alt=\"carillon-lens_Fotor\" src=\"https:\/\/www.carillons.ch\/blog\/wp-content\/uploads\/carillon-lens_Fotor-300x229.jpg\" \/><\/a><\/div>\n  <div class=\"layer-content\">\n        <div class=\"element element_0  title_link \">\r\n                    <a target=\"_parent\"\r\n                href=\"https:\/\/www.carillons.ch\/blog\/concerts-de-carillon-a-lens-vs\/\">Carillon de Lens (VS) et concerts<\/a>\r\n            <\/div>\r\n    <div class=\"element element_1  excerpt \">\r\n        Lens VS, Eglise Saint-Pierre-aux-Liens 24 cloches (do3, fa3, sol3, la3 - fa5) 2 R\u00fcetschi 1958, 21 R\u00fcetschi 1967, 1 R\u00fcetschi 1995 Le carillon de Lens            <\/div>\r\n  <\/div>\n    <\/div>\n  <\/div><div class=\"item item-4712 skin flat even 10 \">\n        <div class=\"layer-wrapper layout-\">\n        <div class=\"layer-media\"><a href=\"https:\/\/www.carillons.ch\/blog\/concerts-de-carillon-a-carouge\/\"><img decoding=\"async\" alt=\"\" src=\"https:\/\/www.carillons.ch\/blog\/wp-content\/uploads\/carouge-300x187.jpg\" \/><\/a><\/div>\n  <div class=\"layer-content\">\n        <div class=\"element element_0  title_link \">\r\n                    <a target=\"_parent\"\r\n                href=\"https:\/\/www.carillons.ch\/blog\/concerts-de-carillon-a-carouge\/\">Carillon de Carouge et concerts<\/a>\r\n            <\/div>\r\n    <div class=\"element element_1  excerpt \">\r\n        Carouge GE, Eglise Sainte-CroixConcerts au carillon de Carouge. Place du march\u00e9 devant l'\u00e9glise pour \u00e9couter le carillon.36 cloches (fa#3, sol#3 - fa#6)1 Aubry XVII, 1            <\/div>\r\n  <\/div>\n    <\/div>\n  <\/div><div class=\"item item-4689 skin flat odd 11 \">\n        <div class=\"layer-wrapper layout-\">\n        <div class=\"layer-media\"><a href=\"https:\/\/www.carillons.ch\/blog\/concerts-de-carillon-a-labbaye-de-saint-maurice\/\"><img decoding=\"async\" alt=\"\" src=\"https:\/\/www.carillons.ch\/blog\/wp-content\/uploads\/carillon-st-maurice-300x163.jpg\" \/><\/a><\/div>\n  <div class=\"layer-content\">\n        <div class=\"element element_0  title_link \">\r\n                    <a target=\"_parent\"\r\n                href=\"https:\/\/www.carillons.ch\/blog\/concerts-de-carillon-a-labbaye-de-saint-maurice\/\">Carillon de l&rsquo;Abbaye de Saint-Maurice et concerts<\/a>\r\n            <\/div>\r\n    <div class=\"element element_1  excerpt \">\r\n        Concerts occasionnels au grand carillon de l'Abbaye de Saint-Maurice. Le carillon de Saint-Maurice compte 49 cloches, pour un poids total d'environ 14 tonnes de bronze.Saint-Maurice            <\/div>\r\n  <\/div>\n    <\/div>\n  <\/div>    <\/div>\n    <div class=\"pagination\">\n      <div class=\"paginate\">\n      <\/div>\n  <style type=\"text\/css\">\n    #post-grid-14275 .pagination .page-numbers {\n      font-size: 16px;\n      color: #fff;\n      background: #646464;\n    }\n\n    #post-grid-14275 .pagination .page-numbers:hover,\n    #post-grid-14275 .pagination .page-numbers.current {\n      background: #4b4b4b;\n    }\n  <\/style>\n  <\/div>\n      <script>\n          <\/script>\n    <style type=\"text\/css\">\n    #post-grid-14275 .element_0 {\n      font-size:14px;padding:1px;float: left;    }\n\n    #post-grid-14275 .element_1 {\n      display: block;font-size: 11px;padding: 2px 3px;text-align: left;float: left;    }\n\n    #post-grid-14275 .element_0:hover{}#post-grid-14275 .element_1:hover{}  <\/style>\n  <style type=\"text\/css\">\n    #post-grid-14275 {\n      padding: 10px;\n          }\n\n    #post-grid-14275 .item {\n      padding: 0px;\n      background: #fff;\n          }\n\n    #post-grid-14275 .item .layer-media {\n      height:auto;    }\n\n    @media only screen and (min-width: 0px) and (max-width: 767px) {\n      #post-grid-14275 .grid-items {\n        text-align: center;\n              }\n\n      #post-grid-14275 .item {\n        width: 90%;\n        margin: 10px;\n        display: inline-block;\n        vertical-align: top;\n        height:auto;      }\n    }\n\n    @media only screen and (min-width: 768px) and (max-width: 1023px) {\n      #post-grid-14275 .grid-items {\n        text-align: center;\n              }\n\n      #post-grid-14275 .item {\n        width: 180px;\n        margin: 10px;\n        display: inline-block;\n        vertical-align: top;\n        max-height:auto;      }\n    }\n\n    @media only screen and (min-width: 1024px) {\n      #post-grid-14275 .grid-items {\n        text-align: center;\n              }\n\n      #post-grid-14275 .item {\n        width: 180px;\n        display: inline-block;\n        margin: 10px;\n        vertical-align: top;\n        height:auto;      }\n    }\n\n      <\/style>\n  <\/div>\n\n","protected":false},"excerpt":{"rendered":"<p>La FMC est un groupement de guildes de carillonneurs et d\u2019associations de carillon qui peuvent \u00eatre multinationales, nationales ou r\u00e9gionales.<\/p>\n","protected":false},"author":1,"featured_media":14284,"parent":0,"menu_order":0,"comment_status":"closed","ping_status":"closed","template":"","meta":{"sfsi_plus_gutenberg_text_before_share":"","sfsi_plus_gutenberg_show_text_before_share":"","sfsi_plus_gutenberg_icon_type":"","sfsi_plus_gutenberg_icon_alignemt":"","sfsi_plus_gutenburg_max_per_row":"","_EventAllDay":false,"_EventTimezone":"","_EventStartDate":"","_EventEndDate":"","_EventStartDateUTC":"","_EventEndDateUTC":"","_EventShowMap":false,"_EventShowMapLink":false,"_EventURL":"","_EventCost":"","_EventCostDescription":"","_EventCurrencySymbol":"","_EventCurrencyCode":"","_EventCurrencyPosition":"","_EventDateTimeSeparator":"","_EventTimeRangeSeparator":"","_EventOrganizerID":[],"_EventVenueID":[],"_OrganizerEmail":"","_OrganizerPhone":"","_OrganizerWebsite":"","_VenueAddress":"","_VenueCity":"","_VenueCountry":"","_VenueProvince":"","_VenueState":"","_VenueZip":"","_VenuePhone":"","_VenueURL":"","_VenueStateProvince":"","_VenueLat":"","_VenueLng":"","_VenueShowMap":false,"_VenueShowMapLink":false,"footnotes":""},"class_list":["post-14276","page","type-page","status-publish","has-post-thumbnail","hentry"],"_links":{"self":[{"href":"https:\/\/www.carillons.ch\/blog\/wp-json\/wp\/v2\/pages\/14276","targetHints":{"allow":["GET"]}}],"collection":[{"href":"https:\/\/www.carillons.ch\/blog\/wp-json\/wp\/v2\/pages"}],"about":[{"href":"https:\/\/www.carillons.ch\/blog\/wp-json\/wp\/v2\/types\/page"}],"author":[{"embeddable":true,"href":"https:\/\/www.carillons.ch\/blog\/wp-json\/wp\/v2\/users\/1"}],"replies":[{"embeddable":true,"href":"https:\/\/www.carillons.ch\/blog\/wp-json\/wp\/v2\/comments?post=14276"}],"version-history":[{"count":6,"href":"https:\/\/www.carillons.ch\/blog\/wp-json\/wp\/v2\/pages\/14276\/revisions"}],"predecessor-version":[{"id":14399,"href":"https:\/\/www.carillons.ch\/blog\/wp-json\/wp\/v2\/pages\/14276\/revisions\/14399"}],"wp:featuredmedia":[{"embeddable":true,"href":"https:\/\/www.carillons.ch\/blog\/wp-json\/wp\/v2\/media\/14284"}],"wp:attachment":[{"href":"https:\/\/www.carillons.ch\/blog\/wp-json\/wp\/v2\/media?parent=14276"}],"curies":[{"name":"wp","href":"https:\/\/api.w.org\/{rel}","templated":true}]}}