{"id":14358,"date":"2020-02-17T13:44:48","date_gmt":"2020-02-17T12:44:48","guid":{"rendered":"http:\/\/www.langages.ch\/blog\/?page_id=14358"},"modified":"2021-10-24T07:14:38","modified_gmt":"2021-10-24T05:14:38","slug":"confederation-suisse-ofc-culture","status":"publish","type":"page","link":"https:\/\/www.carillons.ch\/blog\/confederation-suisse-ofc-culture\/","title":{"rendered":"Conf\u00e9d\u00e9ration Suisse OFC Culture"},"content":{"rendered":"\n<p>L&rsquo;Abbaye de Montheron et la Chapelle et grange viticole du Clos des Abbayes au D\u00e9zaley collaborent avec l&rsquo;Office de la Culture par le biais de la mise en valeur des <a rel=\"noreferrer noopener\" href=\"https:\/\/www.bak.admin.ch\/bak\/fr\/home\/patrimoine-culturel\/kulturwege-schweiz.html\" target=\"_blank\">itin\u00e9raires culturels<\/a> du Conseil de l&rsquo;Europe (Route Europ\u00e9enne des Abbayes Cisterciennes) et des sites UNESCO (Lavaux) : <a href=\"https:\/\/www.bak.admin.ch\/bak\/fr\/home\/baukultur\/archaeologie-und-denkmalpflege\/patrimonie-mondial-de-l-unesco.html\" target=\"_blank\" rel=\"noreferrer noopener\">patrimoine-mondial-de-lunesco\/sites-du-patrimoine-mondial\/vignoble-de-lavaux&#8211;2007<\/a><\/p>\n\n\n\n<p>L&rsquo;Abbaye de Montheron collabore avec le Parc Naturel P\u00e9riurbain du Jorat dans le cadre de l&rsquo;animation culturelle et patrimoniale et ce parc est un parc de la Conf\u00e9d\u00e9ration : <a href=\"https:\/\/www.parks.swiss\/fr\/les_parcs_suisses\/portraits_des_parcs\/parc_naturel_periurbain_du_jorat.php\" target=\"_blank\" rel=\"noreferrer noopener\" aria-label=\"https:\/\/www.parks.swiss\/fr\/les_parcs_suisses\/portraits_des_parcs\/parc_naturel_periurbain_du_jorat.php (s\u2019ouvre dans un nouvel onglet)\">https:\/\/www.parks.swiss\/fr\/les_parcs_suisses\/portraits_des_parcs\/parc_naturel_periurbain_du_jorat.php<\/a><\/p>\n\n\n\n<p>La Guilde des Carillonneurs et Campanologues Suisses collaborent avec l&rsquo;OFC avec des experts f\u00e9d\u00e9raux campanaires et des publications.<\/p>\n\n\n\n<p>S\u00e9rie de publications des monuments historiques, Cahier 5 : \u00abGlocken &#8211; lebendige Klangzeugen &#8211; <a href=\"http:\/\/www.langages.ch\/blog\/publication-avec-la-gccs-et-lofc-cloches\/\">Des t\u00e9moins vivants et sonnants<\/a>\u00bb<\/p>\n\n\n\n<figure class=\"wp-block-image\"><a href=\"http:\/\/www.langages.ch\/blog\/publication-avec-la-gccs-et-lofc-cloches\/\"><img decoding=\"async\" src=\"https:\/\/www.bak.admin.ch\/bak\/fr\/home\/documentation\/publications-recentes\/publications-2008\/_jcr_content\/par\/textimage_5\/image.imagespooler.jpg\/1503526239881\/156.1000\/glockenbuch.png\" alt=\"\"\/><\/a><figcaption>Glocken &#8211; lebendige Klangzeugen &#8211; Des t\u00e9moins vivants et sonnants<\/figcaption><\/figure>\n\n\n\n<p>Nouvelles des parcs suisses : <\/p>\n\n\n\n<div class=\"powr-social-feed\" id=\"5c3cfaf2_1581946053\"><\/div><script src=\"https:\/\/www.powr.io\/powr.js?platform=wordpress\"><\/script>\n","protected":false},"excerpt":{"rendered":"<p>L&rsquo;Abbaye de Montheron et la Chapelle et grange viticole du Clos des Abbayes au D\u00e9zaley collaborent avec l&rsquo;Office de la Culture par le biais de la mise en valeur des itin\u00e9raires culturels du Conseil de l&rsquo;Europe (Route Europ\u00e9enne des Abbayes Cisterciennes) et des sites UNESCO (Lavaux) : patrimoine-mondial-de-lunesco\/sites-du-patrimoine-mondial\/vignoble-de-lavaux&#8211;2007 L&rsquo;Abbaye de Montheron collabore avec le Parc Naturel P\u00e9riurbain du\u2026 <span class=\"read-more\"><a href=\"https:\/\/www.carillons.ch\/blog\/confederation-suisse-ofc-culture\/\">Lire la suite &raquo;<\/a><\/span><\/p>\n","protected":false},"author":1,"featured_media":0,"parent":0,"menu_order":0,"comment_status":"closed","ping_status":"closed","template":"","meta":{"sfsi_plus_gutenberg_text_before_share":"","sfsi_plus_gutenberg_show_text_before_share":"","sfsi_plus_gutenberg_icon_type":"","sfsi_plus_gutenberg_icon_alignemt":"","sfsi_plus_gutenburg_max_per_row":"","_EventAllDay":false,"_EventTimezone":"","_EventStartDate":"","_EventEndDate":"","_EventStartDateUTC":"","_EventEndDateUTC":"","_EventShowMap":false,"_EventShowMapLink":false,"_EventURL":"","_EventCost":"","_EventCostDescription":"","_EventCurrencySymbol":"","_EventCurrencyCode":"","_EventCurrencyPosition":"","_EventDateTimeSeparator":"","_EventTimeRangeSeparator":"","_EventOrganizerID":[],"_EventVenueID":[],"_OrganizerEmail":"","_OrganizerPhone":"","_OrganizerWebsite":"","_VenueAddress":"","_VenueCity":"","_VenueCountry":"","_VenueProvince":"","_VenueState":"","_VenueZip":"","_VenuePhone":"","_VenueURL":"","_VenueStateProvince":"","_VenueLat":"","_VenueLng":"","_VenueShowMap":false,"_VenueShowMapLink":false,"footnotes":""},"class_list":["post-14358","page","type-page","status-publish","hentry"],"_links":{"self":[{"href":"https:\/\/www.carillons.ch\/blog\/wp-json\/wp\/v2\/pages\/14358","targetHints":{"allow":["GET"]}}],"collection":[{"href":"https:\/\/www.carillons.ch\/blog\/wp-json\/wp\/v2\/pages"}],"about":[{"href":"https:\/\/www.carillons.ch\/blog\/wp-json\/wp\/v2\/types\/page"}],"author":[{"embeddable":true,"href":"https:\/\/www.carillons.ch\/blog\/wp-json\/wp\/v2\/users\/1"}],"replies":[{"embeddable":true,"href":"https:\/\/www.carillons.ch\/blog\/wp-json\/wp\/v2\/comments?post=14358"}],"version-history":[{"count":9,"href":"https:\/\/www.carillons.ch\/blog\/wp-json\/wp\/v2\/pages\/14358\/revisions"}],"predecessor-version":[{"id":15721,"href":"https:\/\/www.carillons.ch\/blog\/wp-json\/wp\/v2\/pages\/14358\/revisions\/15721"}],"wp:attachment":[{"href":"https:\/\/www.carillons.ch\/blog\/wp-json\/wp\/v2\/media?parent=14358"}],"curies":[{"name":"wp","href":"https:\/\/api.w.org\/{rel}","templated":true}]}}