{"id":14364,"date":"2020-02-17T14:05:34","date_gmt":"2020-02-17T13:05:34","guid":{"rendered":"http:\/\/www.langages.ch\/blog\/?page_id=14364"},"modified":"2020-02-17T15:00:03","modified_gmt":"2020-02-17T14:00:03","slug":"nations-unies-unesco-patrimoine","status":"publish","type":"page","link":"https:\/\/www.carillons.ch\/blog\/nations-unies-unesco-patrimoine\/","title":{"rendered":"Nations Unies UNESCO Patrimoine"},"content":{"rendered":"\n<p>La Chapelle et grange viticole du Clos des Abbayes au D\u00e9zaley est un des beaux \u00e9l\u00e9ments de Lavaux UNESCO et collabore pour l&rsquo;animation avec Lavaux Patrimoine Mondial.<\/p>\n\n\n\n<p>La Guilde des Carillonneurs Suisses est membre de la F\u00e9d\u00e9ration Mondiale du Carillon et le Carillon de Chantemerle est l&rsquo;un des carillons reconnus par cette F\u00e9d\u00e9ration. Les cloches et carillons sont partie de Patrimoine Immat\u00e9riel de l&rsquo;UNESCO avec leurs traditions de sonneries.<\/p>\n\n\n\n<p>Nouvelles de l&rsquo;UNESCO : <a rel=\"noreferrer noopener\" aria-label=\"https:\/\/www.facebook.com\/UNESCOfr\/ (s\u2019ouvre dans un nouvel onglet)\" href=\"https:\/\/www.facebook.com\/UNESCOfr\/\" target=\"_blank\">@UNESCOfr<\/a><\/p>\n\n\n\n<div class=\"powr-social-feed\" id=\"d1cebad5_1581944480\"><\/div><script src=\"https:\/\/www.powr.io\/powr.js?platform=wordpress\"><\/script>\n","protected":false},"excerpt":{"rendered":"<p>La Chapelle et grange viticole du Clos des Abbayes au D\u00e9zaley est un des beaux \u00e9l\u00e9ments de Lavaux UNESCO et collabore pour l&rsquo;animation avec Lavaux Patrimoine Mondial. La Guilde des Carillonneurs Suisses est membre de la F\u00e9d\u00e9ration Mondiale du Carillon et le Carillon de Chantemerle est l&rsquo;un des carillons reconnus par cette F\u00e9d\u00e9ration. Les cloches et carillons sont\u2026 <span class=\"read-more\"><a href=\"https:\/\/www.carillons.ch\/blog\/nations-unies-unesco-patrimoine\/\">Lire la suite &raquo;<\/a><\/span><\/p>\n","protected":false},"author":1,"featured_media":0,"parent":0,"menu_order":0,"comment_status":"closed","ping_status":"closed","template":"","meta":{"sfsi_plus_gutenberg_text_before_share":"","sfsi_plus_gutenberg_show_text_before_share":"","sfsi_plus_gutenberg_icon_type":"","sfsi_plus_gutenberg_icon_alignemt":"","sfsi_plus_gutenburg_max_per_row":"","_EventAllDay":false,"_EventTimezone":"","_EventStartDate":"","_EventEndDate":"","_EventStartDateUTC":"","_EventEndDateUTC":"","_EventShowMap":false,"_EventShowMapLink":false,"_EventURL":"","_EventCost":"","_EventCostDescription":"","_EventCurrencySymbol":"","_EventCurrencyCode":"","_EventCurrencyPosition":"","_EventDateTimeSeparator":"","_EventTimeRangeSeparator":"","_EventOrganizerID":[],"_EventVenueID":[],"_OrganizerEmail":"","_OrganizerPhone":"","_OrganizerWebsite":"","_VenueAddress":"","_VenueCity":"","_VenueCountry":"","_VenueProvince":"","_VenueState":"","_VenueZip":"","_VenuePhone":"","_VenueURL":"","_VenueStateProvince":"","_VenueLat":"","_VenueLng":"","_VenueShowMap":false,"_VenueShowMapLink":false,"footnotes":""},"class_list":["post-14364","page","type-page","status-publish","hentry"],"_links":{"self":[{"href":"https:\/\/www.carillons.ch\/blog\/wp-json\/wp\/v2\/pages\/14364","targetHints":{"allow":["GET"]}}],"collection":[{"href":"https:\/\/www.carillons.ch\/blog\/wp-json\/wp\/v2\/pages"}],"about":[{"href":"https:\/\/www.carillons.ch\/blog\/wp-json\/wp\/v2\/types\/page"}],"author":[{"embeddable":true,"href":"https:\/\/www.carillons.ch\/blog\/wp-json\/wp\/v2\/users\/1"}],"replies":[{"embeddable":true,"href":"https:\/\/www.carillons.ch\/blog\/wp-json\/wp\/v2\/comments?post=14364"}],"version-history":[{"count":3,"href":"https:\/\/www.carillons.ch\/blog\/wp-json\/wp\/v2\/pages\/14364\/revisions"}],"predecessor-version":[{"id":14372,"href":"https:\/\/www.carillons.ch\/blog\/wp-json\/wp\/v2\/pages\/14364\/revisions\/14372"}],"wp:attachment":[{"href":"https:\/\/www.carillons.ch\/blog\/wp-json\/wp\/v2\/media?parent=14364"}],"curies":[{"name":"wp","href":"https:\/\/api.w.org\/{rel}","templated":true}]}}