{"id":7953,"date":"2015-04-06T20:16:47","date_gmt":"2015-04-06T19:16:47","guid":{"rendered":"http:\/\/www.langages.ch\/blog\/?page_id=7953"},"modified":"2022-05-13T05:34:22","modified_gmt":"2022-05-13T03:34:22","slug":"piano","status":"publish","type":"page","link":"https:\/\/www.carillons.ch\/blog\/piano\/","title":{"rendered":"Piano"},"content":{"rendered":"\n<p>Activit\u00e9s li\u00e9es au piano sur le site langages.ch: concerts, stages musicaux, balades, &#8230; .<\/p>\n\n\n\n<p>Le jeu de sons percussifs, apparaissant vite, disparaissant tranquillement, la volute de la ligne de ce son, un chant caressant et subtil, qui traverse l\u2019esprit en lui laissant des traces d\u2019un bonheur entrevu \u2026<\/p>\n\n\n\n<p>Sauts, passages, entrelacs, courses, jets de gouttes perl\u00e9es, tressauts, entre touches et touches, passages entre les au-del\u00e0!<\/p>\n\n\n\n<p>Va ton chemin de paroles enchant\u00e9es, entrecrois\u00e9es, englouties, incomprises, lointaines, impalbables! Qui comprendra ta voix myst\u00e9rieuse?<\/p>\n\n\n\n<p>&#8230;<\/p>\n\n\n\n<p>Manifestations, concerts avec piano du site carillons.ch: <a href=\"https:\/\/www.carillons.ch\/blog\/events\/categorie\/agenda\/instrument\/piano\/\">https:\/\/www.carillons.ch\/blog\/events\/categorie\/agenda\/instrument\/piano\/<\/a><\/p>\n\n\n\n<!-- begin list -->\n<div id=\"mcTagMap\" class=\" toggleNo  no\">\n<div class=\"holdinner\">\n<div class=\"responsive\">\n\n<div class=\"tagindex\">\n<h4 id=\"mctm1-L\">L<\/h4>\n<ul class=\"links\">\n<li><a title=\"La l\u00e9g\u00e8ret\u00e9 du piano\" href=\"https:\/\/www.carillons.ch\/blog\/la-legerete-du-piano\/\">La l\u00e9g\u00e8ret\u00e9 du piano <\/a><\/li>\n<li><a title=\"Langage du piano\" href=\"https:\/\/www.carillons.ch\/blog\/le-piano-2\/\">Langage du piano <\/a><\/li>\n<li><a title=\"Le piano\" href=\"https:\/\/www.carillons.ch\/blog\/le-piano\/\">Le piano <\/a><\/li>\n<\/ul>\n<\/div>\n<div class=\"tagindex\">\n<h4 id=\"mctm1-P\">P<\/h4>\n<ul class=\"links\">\n<li><a title=\"Partition: le Merle Bleu\" href=\"https:\/\/www.carillons.ch\/blog\/partition-le-merle-bleu\/\">Partition: le Merle Bleu <\/a><\/li>\n<\/ul>\n<\/div><\/div> <!-- end responsive -->\n<script> tagindexwidth = \"150px\"; maxColumns = \"3\"; <\/script>\n<\/div> <!-- end hold inner -->\n<div style='clear: both;'><\/div>\n<\/div><!-- end list -->\n\n\n\n<p>Index articles <strong>piano<\/strong> du site irreel.ch (site li\u00e9): <a rel=\"noopener noreferrer\" href=\"http:\/\/www.irreel.ch\/blog\/sujet\/musique\/piano\/\" target=\"_blank\">http:\/\/www.irreel.ch\/blog\/sujet\/musique\/piano\/<\/a><\/p>\n\n\n\n<div class=\"powr-social-feed\" id=\"f55e6428_1585037748\"><\/div><script src=\"https:\/\/www.powr.io\/powr.js?platform=wordpress\"><\/script>\n","protected":false},"excerpt":{"rendered":"<p>Activit\u00e9s li\u00e9es au piano sur le site langages.ch: concerts, stages musicaux, balades, &#8230; . Le jeu de sons percussifs, apparaissant vite, disparaissant tranquillement, la volute de la ligne de ce son, un chant caressant et subtil, qui traverse l\u2019esprit en lui laissant des traces d\u2019un bonheur entrevu \u2026 Sauts, passages, entrelacs, courses, jets de gouttes perl\u00e9es, tressauts, entre\u2026 <span class=\"read-more\"><a href=\"https:\/\/www.carillons.ch\/blog\/piano\/\">Lire la suite &raquo;<\/a><\/span><\/p>\n","protected":false},"author":1,"featured_media":4338,"parent":0,"menu_order":711,"comment_status":"closed","ping_status":"closed","template":"","meta":{"sfsi_plus_gutenberg_text_before_share":"","sfsi_plus_gutenberg_show_text_before_share":"","sfsi_plus_gutenberg_icon_type":"","sfsi_plus_gutenberg_icon_alignemt":"","sfsi_plus_gutenburg_max_per_row":"","_EventAllDay":false,"_EventTimezone":"","_EventStartDate":"","_EventEndDate":"","_EventStartDateUTC":"","_EventEndDateUTC":"","_EventShowMap":false,"_EventShowMapLink":false,"_EventURL":"","_EventCost":"","_EventCostDescription":"","_EventCurrencySymbol":"","_EventCurrencyCode":"","_EventCurrencyPosition":"","_EventDateTimeSeparator":"","_EventTimeRangeSeparator":"","_EventOrganizerID":[],"_EventVenueID":[],"_OrganizerEmail":"","_OrganizerPhone":"","_OrganizerWebsite":"","_VenueAddress":"","_VenueCity":"","_VenueCountry":"","_VenueProvince":"","_VenueState":"","_VenueZip":"","_VenuePhone":"","_VenueURL":"","_VenueStateProvince":"","_VenueLat":"","_VenueLng":"","_VenueShowMap":false,"_VenueShowMapLink":false,"footnotes":""},"class_list":["post-7953","page","type-page","status-publish","has-post-thumbnail","hentry"],"_links":{"self":[{"href":"https:\/\/www.carillons.ch\/blog\/wp-json\/wp\/v2\/pages\/7953","targetHints":{"allow":["GET"]}}],"collection":[{"href":"https:\/\/www.carillons.ch\/blog\/wp-json\/wp\/v2\/pages"}],"about":[{"href":"https:\/\/www.carillons.ch\/blog\/wp-json\/wp\/v2\/types\/page"}],"author":[{"embeddable":true,"href":"https:\/\/www.carillons.ch\/blog\/wp-json\/wp\/v2\/users\/1"}],"replies":[{"embeddable":true,"href":"https:\/\/www.carillons.ch\/blog\/wp-json\/wp\/v2\/comments?post=7953"}],"version-history":[{"count":18,"href":"https:\/\/www.carillons.ch\/blog\/wp-json\/wp\/v2\/pages\/7953\/revisions"}],"predecessor-version":[{"id":16032,"href":"https:\/\/www.carillons.ch\/blog\/wp-json\/wp\/v2\/pages\/7953\/revisions\/16032"}],"wp:featuredmedia":[{"embeddable":true,"href":"https:\/\/www.carillons.ch\/blog\/wp-json\/wp\/v2\/media\/4338"}],"wp:attachment":[{"href":"https:\/\/www.carillons.ch\/blog\/wp-json\/wp\/v2\/media?parent=7953"}],"curies":[{"name":"wp","href":"https:\/\/api.w.org\/{rel}","templated":true}]}}