{"id":7963,"date":"2015-04-06T20:27:13","date_gmt":"2015-04-06T19:27:13","guid":{"rendered":"http:\/\/www.langages.ch\/blog\/?page_id=7963"},"modified":"2022-05-13T05:40:15","modified_gmt":"2022-05-13T03:40:15","slug":"clavecin","status":"publish","type":"page","link":"https:\/\/www.carillons.ch\/blog\/clavecin\/","title":{"rendered":"Clavecin"},"content":{"rendered":"\n<p>Activit\u00e9s li\u00e9es au clavecin sur le site langages.ch: concerts, stages musicaux, cours, &#8230;<br>de l\u2019\u00eatre mouvant, du dessin, des formes passantes, \u2028du vide, de la l\u00e9g\u00e9ret\u00e9, des silences,<br>le clavecin dessine comme la plume, comme le crayon,<br>il est l\u00e9g\u00e9ret\u00e9 sonore, phrases fines entrecrois\u00e9es,<br>comme la for\u00eat en hivers avec la neige \u00e0 peine tomb\u00e9e et un peu de givre le matin, les branchages tous couverts de cristaux blancs brillants, \u2028ces formes toutes fines formant un resplendissant ensemble fait de toutes fines structures de bases,<br>dans des couleurs \u00e0 peine nuanc\u00e9es, le blanc, le bleu tendre, la brillance un peu jaune,<br>cette for\u00eat blanche, toute givr\u00e9e, petit miracle visuel, tel est le clavecin.<br>il dessine par des lignes toutes fines, subtiles et rapides, \u2028instrument par excellence de la trille, le clavecin est un oiseau.<\/p>\n\n\n\n<p>Prochains concerts avec clavecin ou articles \u00ab\u00a0<strong>clavecin<\/strong>\u00a0\u00bb du site langages.ch:  <a href=\"https:\/\/www.carillons.ch\/blog\/events\/categorie\/agenda\/instrument\/clavecin\/\">https:\/\/www.carillons.ch\/blog\/events\/categorie\/agenda\/instrument\/clavecin\/<\/a><\/p>\n\n\n\n<!-- begin list -->\n<div id=\"mcTagMap\" class=\" toggleNo  no\">\n<div class=\"holdinner\">\n<div class=\"responsive\">\n\n<div class=\"tagindex\">\n<h4 id=\"mctm1-A\">A<\/h4>\n<ul class=\"links\">\n<li><a title=\"Atelier musical aux 7 claviers\" href=\"https:\/\/www.carillons.ch\/blog\/2019-04-17-avril-atelier-musical-aux-7-claviers\/\">Atelier musical aux 7 claviers <\/a><\/li>\n<\/ul>\n<\/div>\n<div class=\"tagindex\">\n<h4 id=\"mctm1-L\">L<\/h4>\n<ul class=\"links\">\n<li><a title=\"Langage du clavecin\" href=\"https:\/\/www.carillons.ch\/blog\/langage-du-clavecin\/\">Langage du clavecin <\/a><\/li>\n<li><a title=\"Langage du dessin et musique\" href=\"https:\/\/www.carillons.ch\/blog\/langage-du-dessin-et-musique\/\">Langage du dessin et musique <\/a><\/li>\n<\/ul>\n<\/div>\n<div class=\"tagindex\">\n<h4 id=\"mctm1-P\">P<\/h4>\n<ul class=\"links\">\n<li><a title=\"Partition: le Merle Bleu\" href=\"https:\/\/www.carillons.ch\/blog\/partition-le-merle-bleu\/\">Partition: le Merle Bleu <\/a><\/li>\n<\/ul>\n<\/div><\/div> <!-- end responsive -->\n<script> tagindexwidth = \"150px\"; maxColumns = \"3\"; <\/script>\n<\/div> <!-- end hold inner -->\n<div style='clear: both;'><\/div>\n<\/div><!-- end list -->\n\n\n\n<p>Articles \u00ab\u00a0<strong>clavecin<\/strong>\u00a0\u00bb du site li\u00e9 irreel.ch:<a href=\"http:\/\/www.irreel.ch\/blog\/sujet\/musique\/clavecin\/\" target=\"_blank\" rel=\"noopener noreferrer\">&nbsp;http:\/\/www.irreel.ch\/blog\/sujet\/musique\/clavecin\/<\/a><\/p>\n\n\n<p>6. <div class='powr-rss-feed' id='c2ce7842_1484035071743'><\/div><\/p>\n","protected":false},"excerpt":{"rendered":"<p>Activit\u00e9s li\u00e9es au clavecin sur le site langages.ch: concerts, stages musicaux, cours, &#8230;de l\u2019\u00eatre mouvant, du dessin, des formes passantes, \u2028du vide, de la l\u00e9g\u00e9ret\u00e9, des silences,le clavecin dessine comme la plume, comme le crayon,il est l\u00e9g\u00e9ret\u00e9 sonore, phrases fines entrecrois\u00e9es,comme la for\u00eat en hivers avec la neige \u00e0 peine tomb\u00e9e et un peu de givre le matin,\u2026 <span class=\"read-more\"><a href=\"https:\/\/www.carillons.ch\/blog\/clavecin\/\">Lire la suite &raquo;<\/a><\/span><\/p>\n","protected":false},"author":1,"featured_media":9022,"parent":0,"menu_order":741,"comment_status":"closed","ping_status":"closed","template":"","meta":{"sfsi_plus_gutenberg_text_before_share":"","sfsi_plus_gutenberg_show_text_before_share":"","sfsi_plus_gutenberg_icon_type":"","sfsi_plus_gutenberg_icon_alignemt":"","sfsi_plus_gutenburg_max_per_row":"","_EventAllDay":false,"_EventTimezone":"","_EventStartDate":"","_EventEndDate":"","_EventStartDateUTC":"","_EventEndDateUTC":"","_EventShowMap":false,"_EventShowMapLink":false,"_EventURL":"","_EventCost":"","_EventCostDescription":"","_EventCurrencySymbol":"","_EventCurrencyCode":"","_EventCurrencyPosition":"","_EventDateTimeSeparator":"","_EventTimeRangeSeparator":"","_EventOrganizerID":[],"_EventVenueID":[],"_OrganizerEmail":"","_OrganizerPhone":"","_OrganizerWebsite":"","_VenueAddress":"","_VenueCity":"","_VenueCountry":"","_VenueProvince":"","_VenueState":"","_VenueZip":"","_VenuePhone":"","_VenueURL":"","_VenueStateProvince":"","_VenueLat":"","_VenueLng":"","_VenueShowMap":false,"_VenueShowMapLink":false,"footnotes":""},"class_list":["post-7963","page","type-page","status-publish","has-post-thumbnail","hentry"],"_links":{"self":[{"href":"https:\/\/www.carillons.ch\/blog\/wp-json\/wp\/v2\/pages\/7963","targetHints":{"allow":["GET"]}}],"collection":[{"href":"https:\/\/www.carillons.ch\/blog\/wp-json\/wp\/v2\/pages"}],"about":[{"href":"https:\/\/www.carillons.ch\/blog\/wp-json\/wp\/v2\/types\/page"}],"author":[{"embeddable":true,"href":"https:\/\/www.carillons.ch\/blog\/wp-json\/wp\/v2\/users\/1"}],"replies":[{"embeddable":true,"href":"https:\/\/www.carillons.ch\/blog\/wp-json\/wp\/v2\/comments?post=7963"}],"version-history":[{"count":15,"href":"https:\/\/www.carillons.ch\/blog\/wp-json\/wp\/v2\/pages\/7963\/revisions"}],"predecessor-version":[{"id":16033,"href":"https:\/\/www.carillons.ch\/blog\/wp-json\/wp\/v2\/pages\/7963\/revisions\/16033"}],"wp:featuredmedia":[{"embeddable":true,"href":"https:\/\/www.carillons.ch\/blog\/wp-json\/wp\/v2\/media\/9022"}],"wp:attachment":[{"href":"https:\/\/www.carillons.ch\/blog\/wp-json\/wp\/v2\/media?parent=7963"}],"curies":[{"name":"wp","href":"https:\/\/api.w.org\/{rel}","templated":true}]}}