{"id":8005,"date":"2015-04-07T03:52:57","date_gmt":"2015-04-07T02:52:57","guid":{"rendered":"http:\/\/www.langages.ch\/blog\/?page_id=8005"},"modified":"2020-01-25T10:05:57","modified_gmt":"2020-01-25T09:05:57","slug":"abbaye-de-montheron","status":"publish","type":"page","link":"https:\/\/www.carillons.ch\/blog\/abbaye-de-montheron\/","title":{"rendered":"Abbaye de Montheron"},"content":{"rendered":"\n<p>L&rsquo;association des Amis de l&rsquo;Abbaye de Montheron a \u00e9t\u00e9 fond\u00e9e le 25 mars 1993. Elle vous accueille dans le cadre bucolique de la vall\u00e9e de Montheron et du Talent, choisie par les moines cisterciens en 1145 pour y \u00e9tablir leur abbaye.<br>Elle y organise des concerts, des balades th\u00e9matiques, des visites guid\u00e9es. Venez-y, devenez membres de <a title=\"AAAM\" href=\"http:\/\/www.langages.ch\/blog\/association-des-amis-de-labbaye-de-montheron\/\">l&rsquo;association<\/a>. <\/p>\n\n\n<div id=\"pl-gb8005-69dcfb2b87e01\"  class=\"panel-layout\" ><div id=\"pg-gb8005-69dcfb2b87e01-0\"  class=\"panel-grid panel-no-style\" ><div id=\"pgc-gb8005-69dcfb2b87e01-0-0\"  class=\"panel-grid-cell panel-grid-cell-mobile-last\" ><div id=\"panel-gb8005-69dcfb2b87e01-0-0-0\" class=\"so-panel widget widget_nav_menu panel-first-child\" data-index=\"0\" ><h3 class=\"widget-title\">Abbaye de Montheron<\/h3><div class=\"menu-aaam-container\"><ul id=\"menu-aaam\" class=\"menu\"><li id=\"menu-item-12486\" class=\"menu-item menu-item-type-taxonomy menu-item-object-tribe_events_cat menu-item-12486\"><a href=\"https:\/\/www.carillons.ch\/blog\/events\/categorie\/agenda\/association\/abbaye-de-montheron\/\" title=\"Manifestations \u00e0 l&rsquo;Abbaye de Montheron\">AGENDA<\/a><\/li>\n<li id=\"menu-item-13099\" class=\"menu-item menu-item-type-custom menu-item-object-custom menu-item-13099\"><a href=\"https:\/\/www.carillons.ch\/blog\/tag\/instruments-de-labbaye-de-montheron\/\" title=\"Instruments de musique de l&rsquo;Abbaye de Montheron, orgues, carillons, piano, harmoniums\">CARILLONS ORGUES<\/a><\/li>\n<li id=\"menu-item-5826\" class=\"menu-item menu-item-type-post_type menu-item-object-post menu-item-5826\"><a href=\"https:\/\/www.carillons.ch\/blog\/visites-guidees-a-labbaye-de-montheron\/\" title=\"visites du site cistercien de l&rsquo;ancienne abbaye\">VISITES<\/a><\/li>\n<li id=\"menu-item-13515\" class=\"menu-item menu-item-type-post_type menu-item-object-page menu-item-13515\"><a href=\"https:\/\/www.carillons.ch\/blog\/index-abbaye-de-montheron\/\" title=\"Index Abbaye de Montheron\">INDEX<\/a><\/li>\n<\/ul><\/div><\/div><div id=\"panel-gb8005-69dcfb2b87e01-0-0-1\" class=\"so-panel widget widget_nav_menu panel-last-child\" data-index=\"1\" ><div class=\"menu-aaam2-abbaye-de-montheron-container\"><ul id=\"menu-aaam2-abbaye-de-montheron\" class=\"menu\"><li id=\"menu-item-13518\" class=\"menu-item menu-item-type-taxonomy menu-item-object-tribe_events_cat menu-item-13518\"><a href=\"https:\/\/www.carillons.ch\/blog\/events\/categorie\/agenda\/association\/abbaye-de-montheron\/\" title=\"AGENDA Abbaye de Montheron\">AGENDA &#8230; Concerts et autres manifestations<\/a><\/li>\n<li id=\"menu-item-13519\" class=\"menu-item menu-item-type-taxonomy menu-item-object-category menu-item-13519\"><a href=\"https:\/\/www.carillons.ch\/blog\/sujet\/associations\/aaam-abbaye-de-montheron\/\" title=\"ARTICLES &#8230; Abbaye de Montheron\">ARTICLES &#8230; tous les articles<\/a><\/li>\n<li id=\"menu-item-13508\" class=\"menu-item menu-item-type-post_type menu-item-object-post menu-item-13508\"><a href=\"https:\/\/www.carillons.ch\/blog\/lettre-de-nouvelles-abbaye-de-montheron\/\">NOUVELLES &#8230; Inscription \u00e0 la Lettre de nouvelles<\/a><\/li>\n<li id=\"menu-item-13524\" class=\"menu-item menu-item-type-post_type menu-item-object-page menu-item-13524\"><a href=\"https:\/\/www.carillons.ch\/blog\/revue-montheron\/\" title=\"Revue et Programme des Amis de l&rsquo;Abbaye de Montheron\">REVUE &#8230; Revue et Programme des Amis de l&rsquo;Abbaye de Montheron<\/a><\/li>\n<li id=\"menu-item-13525\" class=\"menu-item menu-item-type-post_type menu-item-object-post menu-item-13525\"><a href=\"https:\/\/www.carillons.ch\/blog\/visites-guidees-a-labbaye-de-montheron\/\">VISITES &#8230; Visites guid\u00e9es \u00e0 l&rsquo;Abbaye de Montheron<\/a><\/li>\n<li id=\"menu-item-13520\" class=\"menu-item menu-item-type-post_type menu-item-object-page menu-item-13520\"><a href=\"https:\/\/www.carillons.ch\/blog\/index-parc-naturel-du-jorat\/\">PARC &#8230; Parc Naturel du Jorat, Porte d&rsquo;entr\u00e9e<\/a><\/li>\n<li id=\"menu-item-13527\" class=\"menu-item menu-item-type-post_type menu-item-object-post menu-item-13527\"><a href=\"https:\/\/www.carillons.ch\/blog\/cartes-et-horaires-des-bus-abbaye-de-montheron\/\">ACC\u00c8S &#8230; Cartes et horaires des bus \/ Abbaye de Montheron<\/a><\/li>\n<li id=\"menu-item-13544\" class=\"menu-item menu-item-type-post_type menu-item-object-page menu-item-13544\"><a href=\"https:\/\/www.carillons.ch\/blog\/contact\/\">CONTACT &#8230; \u00e9crivez-nous !<\/a><\/li>\n<li id=\"menu-item-13528\" class=\"menu-item menu-item-type-post_type menu-item-object-post menu-item-13528\"><a href=\"https:\/\/www.carillons.ch\/blog\/association-des-amis-de-labbaye-de-montheron\/\">ADH\u00c9SION &#8230; Association des Amis de l&rsquo;Abbaye de Montheron<\/a><\/li>\n<li id=\"menu-item-13542\" class=\"menu-item menu-item-type-post_type menu-item-object-page menu-item-13542\"><a href=\"https:\/\/www.carillons.ch\/blog\/index-historique-abbaye-de-montheron\/\">HISTOIRE &#8230; Documentation historique sur l&rsquo;Abbaye de Montheron<\/a><\/li>\n<li id=\"menu-item-13522\" class=\"menu-item menu-item-type-taxonomy menu-item-object-category menu-item-13522\"><a href=\"https:\/\/www.carillons.ch\/blog\/sujet\/associations\/chapelle-du-dezaley\/\">CHAPELLE &#8230; Chapelle gothique et grange viticole du D\u00e9zaley<\/a><\/li>\n<li id=\"menu-item-13505\" class=\"menu-item menu-item-type-post_type menu-item-object-post menu-item-13505\"><a href=\"https:\/\/www.carillons.ch\/blog\/page-facebook-abbaye-de-montheron\/\">FACEBOOK &#8230; Page Facebook Abbaye de Montheron<\/a><\/li>\n<li id=\"menu-item-13507\" class=\"menu-item menu-item-type-post_type menu-item-object-post menu-item-13507\"><a href=\"https:\/\/www.carillons.ch\/blog\/page-instagram-de-labbaye-de-montheron\/\" title=\"Page Instagram Abbaye de Montheron\">INSTAGRAM<\/a><\/li>\n<li id=\"menu-item-13506\" class=\"menu-item menu-item-type-post_type menu-item-object-post menu-item-13506\"><a href=\"https:\/\/www.carillons.ch\/blog\/c-page-twitter-abbaye-de-montheron\/\" title=\"Page Twitter Abbaye de Montheron\">TWITTER<\/a><\/li>\n<li id=\"menu-item-13509\" class=\"menu-item menu-item-type-post_type menu-item-object-post menu-item-13509\"><a href=\"https:\/\/www.carillons.ch\/blog\/orgue-de-tribune-denis-londe-jura-francais-2007\/\">ORGUE &#8230; Orgue de tribune Denis Londe 2007<\/a><\/li>\n<li id=\"menu-item-13512\" class=\"menu-item menu-item-type-post_type menu-item-object-post menu-item-13512\"><a href=\"https:\/\/www.carillons.ch\/blog\/orgue-de-choeur-sumiswald-berne-1860\/\">ORGUE &#8230; Orgue de choeur Sumiswald (Berne) 1860<\/a><\/li>\n<li id=\"menu-item-13510\" class=\"menu-item menu-item-type-post_type menu-item-object-post menu-item-13510\"><a href=\"https:\/\/www.carillons.ch\/blog\/orgue-positif-walpen-au-dezaley\/\">ORGUE &#8230; Orgue positif Walpen au D\u00e9zaley 1800<\/a><\/li>\n<li id=\"menu-item-14583\" class=\"menu-item menu-item-type-post_type menu-item-object-post menu-item-14583\"><a href=\"https:\/\/www.carillons.ch\/blog\/daniel-thomas-organiste\/\" title=\"Daniel Thomas, organiste\">ORGANISTE &#8230; Daniel Thomas<\/a><\/li>\n<li id=\"menu-item-13521\" class=\"menu-item menu-item-type-post_type menu-item-object-post menu-item-13521\"><a href=\"https:\/\/www.carillons.ch\/blog\/carillon-de-labbaye-de-montheron-en-construction\/\">CARILLON &#8230; Carillon de Montheron en construction<\/a><\/li>\n<li id=\"menu-item-13511\" class=\"menu-item menu-item-type-post_type menu-item-object-post menu-item-13511\"><a href=\"https:\/\/www.carillons.ch\/blog\/petit-carillon-des-orgues-de-labbaye-de-montheron\/\">CARILLON &#8230; Petit carillon des orgues de l&rsquo;Abbaye de Montheron<\/a><\/li>\n<li id=\"menu-item-13526\" class=\"menu-item menu-item-type-post_type menu-item-object-post menu-item-13526\"><a href=\"https:\/\/www.carillons.ch\/blog\/eglise-actuelle-de-montheron\/\">\u00c9GLISE &#8230; L&rsquo;\u00e9glise actuelle de Montheron<\/a><\/li>\n<li id=\"menu-item-13658\" class=\"menu-item menu-item-type-custom menu-item-object-custom menu-item-13658\"><a href=\"https:\/\/www.langages.ch\/blog\/tag\/vitrail-abbaye-de-montheron\/\">VITRAUX &#8230; de l&rsquo;\u00e9glise de Montheron<\/a><\/li>\n<li id=\"menu-item-13523\" class=\"menu-item menu-item-type-taxonomy menu-item-object-category menu-item-13523\"><a href=\"https:\/\/www.carillons.ch\/blog\/sujet\/associations\/charte-europeenne-des-abbayes-et-sites-cisterciens\/\">CHARTE &#8230; Charte europ\u00e9enne des sites Cisterciens<\/a><\/li>\n<\/ul><\/div><\/div><\/div><div id=\"pgc-gb8005-69dcfb2b87e01-0-1\"  class=\"panel-grid-cell panel-grid-cell-empty\" ><\/div><\/div><\/div>\n\n\n<p>\u00ab\u00a0Horaires d\u2019ouverture\u00a0\u00bb Lu-Di 8h-19h : l&rsquo;\u00e9glise et la salle capitulaire de l&rsquo;Abbaye de Montheron sont ouvertes tous les jours de 8h \u00e0 20h pour les visiteurs.<\/p>\n\n\n\nVous trouverez les manifestations organis\u00e9es \u00e0 l&rsquo;Abbaye de Montheron sur la page:&nbsp;&#8211; <a href=\"http:\/\/www.langages.ch\/blog\/events\/categorie\/agenda\/association\/abbaye-de-montheron\/\" title=\"Concerts, balades, visites guid\u00e9es, offices chant\u00e9s, excursions, conf\u00e9rences\">agenda \/ Abbaye de Montheron<\/a>.<br>\nPour aller \u00e0 l&rsquo;Abbaye de Montheron, vous trouverez toutes les indications relatives \u00e0 la carte, aux bus et aux horaires sur la page: &#8211; <a title=\"Carte, horaires et bus pour l'Abbaye de Montheron, \u00e0 pied ou en taxibus\" href=\"http:\/\/www.langages.ch\/blog\/cartes-et-horaires-des-bus-abbaye-de-montheron\/\">carte et transports<\/a>.<br>\nVous trouverez une documentation historique sur l&rsquo;Abbaye de Montheron sur la page: &#8211; <a title=\"Documentation historique sur l\u2019ancienne Abbaye cistercienne de Montheron\" href=\"http:\/\/www.langages.ch\/blog\/documentation-historique-sur-lancienne-abbaye-cistercienne-de-montheron\/\">histoire<\/a>. Et voici <a href=\"http:\/\/www.langages.ch\/blog\/b-auberge-de-labbaye-de-montheron\/\">l&rsquo;auberge<\/a> de l&rsquo;Abbaye de Montheron!<br>\nVisites guid\u00e9es de l&rsquo;Abbaye de Montheron et petits concerts sur les orgues: &#8211; <a href=\"http:\/\/www.langages.ch\/blog\/visites-guidees-a-labbaye-de-montheron\/\"> visites<\/a>.<br>\nL&rsquo;\u00e9glise actuelle de Montheron: &#8211; <a href=\"http:\/\/www.langages.ch\/blog\/eglise-actuelle-de-montheron\/\">l&rsquo;\u00e9glise<\/a>.  <br>\nLes trois orgues de l\u2019Abbaye de Montheron:\nOrgues de tribune:&nbsp;&#8211; <a href=\"http:\/\/www.langages.ch\/blog\/orgue-de-tribune-denis-londe-jura-francais-2007\/\">2007, 17 jeux<\/a>.\nOrgue positif, de choeur:&nbsp;&#8211; <a href=\"http:\/\/www.langages.ch\/blog\/orgue-de-choeur-sumiswald-berne-1860\/\">1860, 4 jeux<\/a>.<br>\nOrgue de la chapelle du D\u00e9zaley:&nbsp;&#8211; <a href=\"http:\/\/www.langages.ch\/blog\/orgue-positif-walpen-au-dezaley\/\">1800, 3 jeux<\/a>.<br>\n\n\n\n<p>Nouvelles de l&rsquo;Abbaye de Montheron :<\/p>\n\n\n<p>[powr-facebook-feed id=b25c8225_1484715281320]<\/p>\n\n\n\n<p>Articles \/ Histoire Abbaye de Montheron :<\/p>\n\n\n\n<!-- begin list -->\n<div id=\"mcTagMap\" class=\" toggleNo  no\">\n<div class=\"holdinner\">\n<div class=\"responsive\">\n\n<div class=\"tagindex\">\n<h4 id=\"mctm1-A\">A<\/h4>\n<ul class=\"links\">\n<li><a title=\"Abbayes cisterciennes disparues\" href=\"https:\/\/www.carillons.ch\/blog\/abbayes-cisterciennes-disparues\/\">Abbayes cisterciennes disparues <\/a><\/li>\n<li><a title=\"Ancienne abbaye cistercienne, dioc\u00e8se de Lausanne.\" href=\"https:\/\/www.carillons.ch\/blog\/ancienne-abbaye-cistercienne-diocese-de-lausanne\/\">Ancienne abbaye cistercienne, dioc\u00e8se de Lausanne. <\/a><\/li>\n<li><a title=\"A propos d\u2019une maquette de l\u2019ancienne Abbatiale de Montheron\" href=\"https:\/\/www.carillons.ch\/blog\/a-propos-dune-maquette-de-lancienne-abbatiale-de-montheron\/\">A propos d\u2019une maquette de l\u2019ancienne Abbatiale de Montheron <\/a><\/li>\n<\/ul>\n<\/div>\n<div class=\"tagindex\">\n<h4 id=\"mctm1-B\">B<\/h4>\n<ul class=\"links\">\n<li><a title=\"Bellevaux - abbaye-m\u00e8re de Montheron\" href=\"https:\/\/www.carillons.ch\/blog\/bellevaux-abbaye-mere-de-montheron\/\">Bellevaux - abbaye-m\u00e8re de Montheron <\/a><\/li>\n<\/ul>\n<\/div>\n<div class=\"tagindex\">\n<h4 id=\"mctm1-C\">C<\/h4>\n<ul class=\"links\">\n<li><a title=\"Charte de 1142\" href=\"https:\/\/www.carillons.ch\/blog\/charte-de-1142\/\">Charte de 1142 <\/a><\/li>\n<li><a title=\"Conte Nuit de No\u00ebl\" href=\"https:\/\/www.carillons.ch\/blog\/conte-nuit-de-noel\/\">Conte Nuit de No\u00ebl <\/a><\/li>\n<\/ul>\n<\/div>\n<div class=\"tagindex\">\n<h4 id=\"mctm1-D\">D<\/h4>\n<ul class=\"links\">\n<li><a title=\"De Frigida villa \u00e0 Froideville\" href=\"https:\/\/www.carillons.ch\/blog\/frigida-villa\/\">De Frigida villa \u00e0 Froideville <\/a><\/li>\n<\/ul>\n<\/div>\n<div class=\"tagindex\">\n<h4 id=\"mctm1-F\">F<\/h4>\n<ul class=\"links\">\n<li><a title=\"Fouilles arch\u00e9ologiques et documents d\u2019archives\" href=\"https:\/\/www.carillons.ch\/blog\/fouilles-archeologiques-et-documents-darchives\/\">Fouilles arch\u00e9ologiques et documents d\u2019archives <\/a><\/li>\n<\/ul>\n<\/div>\n<div class=\"tagindex\">\n<h4 id=\"mctm1-L\">L<\/h4>\n<ul class=\"links\">\n<li><a title=\"La m\u00e9moire \u00e9crite de l\u2019abbaye de Montheron\" href=\"https:\/\/www.carillons.ch\/blog\/la-memoire-ecrite-de-labbaye-de-montheron\/\">La m\u00e9moire \u00e9crite de l\u2019abbaye de Montheron <\/a><\/li>\n<li><a title=\"L\u2019ancienne abbatiale de Montheron: une \u00e9nigme architecturale\" href=\"https:\/\/www.carillons.ch\/blog\/lancienne-abbatiale-de-montheron-une-enigme-architecturale\/\">L\u2019ancienne abbatiale de Montheron: une \u00e9nigme architecturale <\/a><\/li>\n<li><a title=\"La ruelle des convers chez les cisterciens\" href=\"https:\/\/www.carillons.ch\/blog\/hist-la-ruelle-des-convers-chez-les-cisterciens\/\">La ruelle des convers chez les cisterciens <\/a><\/li>\n<li><a title=\"Le D\u00e9zaley et ses chapelles\" href=\"https:\/\/www.carillons.ch\/blog\/le-dezaley-et-ses-chapelles\/\">Le D\u00e9zaley et ses chapelles <\/a><\/li>\n<li><a title=\"Le mot des arch\u00e9ologues Montheron 1999-2006\" href=\"https:\/\/www.carillons.ch\/blog\/le-mot-des-archeologues-montheron-1999-2006\/\">Le mot des arch\u00e9ologues Montheron 1999-2006 <\/a><\/li>\n<li><a title=\"Le seigneur Henri de Colombier et l\u2019Abbaye de Montheron\" href=\"https:\/\/www.carillons.ch\/blog\/le-seigneur-henri-de-colombier-et-labbaye-de-montheron\/\">Le seigneur Henri de Colombier et l\u2019Abbaye de Montheron <\/a><\/li>\n<\/ul>\n<\/div>\n<div class=\"tagindex\">\n<h4 id=\"mctm1-M\">M<\/h4>\n<ul class=\"links\">\n<li><a title=\"Montheron 1999-2006, ou d'un vilain champignon \u00e0 une belle restauration\" href=\"https:\/\/www.carillons.ch\/blog\/montheron-1999-2006-ou-dun-vilain-champignon-a-une-belle-restauration\/\">Montheron 1999-2006, ou d'un vilain champignon \u00e0 une belle restauration <\/a><\/li>\n<\/ul>\n<\/div>\n<div class=\"tagindex\">\n<h4 id=\"mctm1-N\">N<\/h4>\n<ul class=\"links\">\n<li><a title=\"Notre-Dame de Bellevaux, une abbaye oubli\u00e9e\" href=\"https:\/\/www.carillons.ch\/blog\/notre-dame-de-bellevaux-une-abbaye-oubliee\/\">Notre-Dame de Bellevaux, une abbaye oubli\u00e9e <\/a><\/li>\n<\/ul>\n<\/div>\n<div class=\"tagindex\">\n<h4 id=\"mctm1-P\">P<\/h4>\n<ul class=\"links\">\n<li><a title=\"Panneau: le monast\u00e8re de Montheron\" href=\"https:\/\/www.carillons.ch\/blog\/panneau-le-monastere-de-montheron\/\">Panneau: le monast\u00e8re de Montheron <\/a><\/li>\n<li><a title=\"Petit historique de l'Abbaye de Montheron\" href=\"https:\/\/www.carillons.ch\/blog\/petit-historique-de-labbaye-de-montheron\/\">Petit historique de l'Abbaye de Montheron <\/a><\/li>\n<li><a title=\"Photos Otto Schmid 1928\" href=\"https:\/\/www.carillons.ch\/blog\/photos-otto-schmid-1928\/\">Photos Otto Schmid 1928 <\/a><\/li>\n<li><a title=\"Position de la chaire dans l\u2019\u00e9glise de Montheron\" href=\"https:\/\/www.carillons.ch\/blog\/position-de-la-chaire-dans-leglise-de-montheron\/\">Position de la chaire dans l\u2019\u00e9glise de Montheron <\/a><\/li>\n<\/ul>\n<\/div>\n<div class=\"tagindex\">\n<h4 id=\"mctm1-Q\">Q<\/h4>\n<ul class=\"links\">\n<li><a title=\"Quartier du Pont \u00e0 Lausanne\" href=\"https:\/\/www.carillons.ch\/blog\/quartier-du-pont-a-lausanne\/\">Quartier du Pont \u00e0 Lausanne <\/a><\/li>\n<\/ul>\n<\/div>\n<div class=\"tagindex\">\n<h4 id=\"mctm1-R\">R<\/h4>\n<ul class=\"links\">\n<li><a title=\"Restauration de l'\u00e9glise de Montheron\" href=\"https:\/\/www.carillons.ch\/blog\/restauration-de-leglise-de-montheron\/\">Restauration de l'\u00e9glise de Montheron <\/a><\/li>\n<li><a title=\"Restauration de l'\u00e9glise de Montheron 2005-2006\" href=\"https:\/\/www.carillons.ch\/blog\/restauration-de-leglise-de-montheron-2005-2006\/\">Restauration de l'\u00e9glise de Montheron 2005-2006 <\/a><\/li>\n<li><a title=\"R\u00e9surrection du site historique de Montheron au XXe si\u00e8cle\" href=\"https:\/\/www.carillons.ch\/blog\/resurrection-du-site-historique-de-montheron-au-xxe-siecle\/\">R\u00e9surrection du site historique de Montheron au XXe si\u00e8cle <\/a><\/li>\n<li><a title=\"Revue 2019 Abbaye de Montheron\" href=\"https:\/\/www.carillons.ch\/blog\/revue-2019-de-labbaye-de-montheron\/\">Revue 2019 Abbaye de Montheron <\/a><\/li>\n<\/ul>\n<\/div>\n<div class=\"tagindex\">\n<h4 id=\"mctm1-U\">U<\/h4>\n<ul class=\"links\">\n<li><a title=\"Un h\u00e9raut du comte de Savoie \u00e0 Montheron\" href=\"https:\/\/www.carillons.ch\/blog\/un-heraut-du-comte-de-savoie-a-montheron\/\">Un h\u00e9raut du comte de Savoie \u00e0 Montheron <\/a><\/li>\n<\/ul>\n<\/div>\n<div class=\"tagindex\">\n<h4 id=\"mctm1-\u00c9\">\u00c9<\/h4>\n<ul class=\"links\">\n<li><a title=\"\u00c9tablissements religieux m\u00e9di\u00e9vaux dans le Jorat\" href=\"https:\/\/www.carillons.ch\/blog\/etablissements-religieux-medievaux-dans-le-jorat\/\">\u00c9tablissements religieux m\u00e9di\u00e9vaux dans le Jorat <\/a><\/li>\n<\/ul>\n<\/div><\/div> <!-- end responsive -->\n<script> tagindexwidth = \"150px\"; maxColumns = \"3\"; <\/script>\n<\/div> <!-- end hold inner -->\n<div style='clear: both;'><\/div>\n<\/div><!-- end list -->\n","protected":false},"excerpt":{"rendered":"<p>L&rsquo;association des Amis de l&rsquo;Abbaye de Montheron a \u00e9t\u00e9 fond\u00e9e le 25 mars 1993. Elle vous accueille dans le cadre bucolique de la vall\u00e9e de Montheron et du Talent, choisie par les moines cisterciens en 1145 pour y \u00e9tablir leur abbaye.<\/p>\n","protected":false},"author":1,"featured_media":9483,"parent":0,"menu_order":710,"comment_status":"closed","ping_status":"closed","template":"","meta":{"sfsi_plus_gutenberg_text_before_share":"","sfsi_plus_gutenberg_show_text_before_share":"","sfsi_plus_gutenberg_icon_type":"","sfsi_plus_gutenberg_icon_alignemt":"","sfsi_plus_gutenburg_max_per_row":"","_EventAllDay":false,"_EventTimezone":"","_EventStartDate":"","_EventEndDate":"","_EventStartDateUTC":"","_EventEndDateUTC":"","_EventShowMap":false,"_EventShowMapLink":false,"_EventURL":"","_EventCost":"","_EventCostDescription":"","_EventCurrencySymbol":"","_EventCurrencyCode":"","_EventCurrencyPosition":"","_EventDateTimeSeparator":"","_EventTimeRangeSeparator":"","_EventOrganizerID":[],"_EventVenueID":[],"_OrganizerEmail":"","_OrganizerPhone":"","_OrganizerWebsite":"","_VenueAddress":"","_VenueCity":"","_VenueCountry":"","_VenueProvince":"","_VenueState":"","_VenueZip":"","_VenuePhone":"","_VenueURL":"","_VenueStateProvince":"","_VenueLat":"","_VenueLng":"","_VenueShowMap":false,"_VenueShowMapLink":false,"footnotes":""},"class_list":["post-8005","page","type-page","status-publish","has-post-thumbnail","hentry"],"_links":{"self":[{"href":"https:\/\/www.carillons.ch\/blog\/wp-json\/wp\/v2\/pages\/8005","targetHints":{"allow":["GET"]}}],"collection":[{"href":"https:\/\/www.carillons.ch\/blog\/wp-json\/wp\/v2\/pages"}],"about":[{"href":"https:\/\/www.carillons.ch\/blog\/wp-json\/wp\/v2\/types\/page"}],"author":[{"embeddable":true,"href":"https:\/\/www.carillons.ch\/blog\/wp-json\/wp\/v2\/users\/1"}],"replies":[{"embeddable":true,"href":"https:\/\/www.carillons.ch\/blog\/wp-json\/wp\/v2\/comments?post=8005"}],"version-history":[{"count":38,"href":"https:\/\/www.carillons.ch\/blog\/wp-json\/wp\/v2\/pages\/8005\/revisions"}],"predecessor-version":[{"id":13640,"href":"https:\/\/www.carillons.ch\/blog\/wp-json\/wp\/v2\/pages\/8005\/revisions\/13640"}],"wp:featuredmedia":[{"embeddable":true,"href":"https:\/\/www.carillons.ch\/blog\/wp-json\/wp\/v2\/media\/9483"}],"wp:attachment":[{"href":"https:\/\/www.carillons.ch\/blog\/wp-json\/wp\/v2\/media?parent=8005"}],"curies":[{"name":"wp","href":"https:\/\/api.w.org\/{rel}","templated":true}]}}