{"id":8113,"date":"2015-04-11T08:22:32","date_gmt":"2015-04-11T07:22:32","guid":{"rendered":"http:\/\/www.langages.ch\/blog\/?page_id=8113"},"modified":"2019-09-12T04:38:12","modified_gmt":"2019-09-12T02:38:12","slug":"aacc-carillon-de-chantemerle","status":"publish","type":"page","link":"https:\/\/www.carillons.ch\/blog\/aacc-carillon-de-chantemerle\/","title":{"rendered":"Carillon de Chantemerle"},"content":{"rendered":"\n<div class=\"wp-block-image\"><figure class=\"alignleft\"><img loading=\"lazy\" decoding=\"async\" width=\"600\" height=\"450\" src=\"http:\/\/www.langages.ch\/blog\/wp-content\/uploads\/P1070518-lac-600.jpg\" alt=\"L'\u00e9glise de La Rosiaz et son panorama\" class=\"wp-image-7186\" srcset=\"https:\/\/www.carillons.ch\/blog\/wp-content\/uploads\/P1070518-lac-600.jpg 600w, https:\/\/www.carillons.ch\/blog\/wp-content\/uploads\/P1070518-lac-600-150x112.jpg 150w, https:\/\/www.carillons.ch\/blog\/wp-content\/uploads\/P1070518-lac-600-300x225.jpg 300w\" sizes=\"auto, (max-width: 600px) 100vw, 600px\" \/><\/figure><\/div>\n\n\n\n<p>L&rsquo;association des Amis du Carillon de Chantemerle organise des <a href=\"http:\/\/www.langages.ch\/blog\/events\/categorie\/agenda\/association\/carillon-de-chantemerle\/\">concerts<\/a> pour animer le beau carillon de Pully. Devenez membres de <a title=\"inscrivez-vous comme membre\" href=\"http:\/\/www.langages.ch\/blog\/lassociation-des-amis-du-carillon-de-chantemerle-2\/\">l&rsquo;Association<\/a>, soutenez ce carillon.<br><br>Carillon de 48 cloches.<br>La place est tr\u00e8s calme et jouit d&rsquo;une bonne acoustique pour les concerts de carillon, et son esplanade offre un magnifique paysage: Le Lac L\u00e9man et les Alpes. Plaisir simultan\u00e9 de la vue et de l&rsquo;ou\u00efe.<\/p>\n\n\n\n<p>Agenda \/ Carillon de Chantemerle : <a href=\"http:\/\/www.langages.ch\/blog\/events\/categorie\/agenda\/association\/carillon-de-chantemerle\/\">http:\/\/www.langages.ch\/blog\/events\/categorie\/agenda\/association\/carillon-de-chantemerle\/<\/a><\/p>\n\n\n<p>[powr-facebook-feed id=8e8885a5_1484715574849]<\/p>\n","protected":false},"excerpt":{"rendered":"<p>L&rsquo;association des Amis du Carillon de Chantemerle organise des concerts pour animer le beau carillon de Pully. Devenez membres de l&rsquo;Association, soutenez ce carillon. Carillon de 48 cloches.La place est tr\u00e8s calme et jouit d&rsquo;une bonne acoustique pour les concerts de carillon, et son esplanade offre un magnifique paysage: Le Lac L\u00e9man et les Alpes. Plaisir simultan\u00e9 de\u2026 <span class=\"read-more\"><a href=\"https:\/\/www.carillons.ch\/blog\/aacc-carillon-de-chantemerle\/\">Lire la suite &raquo;<\/a><\/span><\/p>\n","protected":false},"author":1,"featured_media":0,"parent":0,"menu_order":720,"comment_status":"closed","ping_status":"closed","template":"","meta":{"sfsi_plus_gutenberg_text_before_share":"","sfsi_plus_gutenberg_show_text_before_share":"","sfsi_plus_gutenberg_icon_type":"","sfsi_plus_gutenberg_icon_alignemt":"","sfsi_plus_gutenburg_max_per_row":"","_EventAllDay":false,"_EventTimezone":"","_EventStartDate":"","_EventEndDate":"","_EventStartDateUTC":"","_EventEndDateUTC":"","_EventShowMap":false,"_EventShowMapLink":false,"_EventURL":"","_EventCost":"","_EventCostDescription":"","_EventCurrencySymbol":"","_EventCurrencyCode":"","_EventCurrencyPosition":"","_EventDateTimeSeparator":"","_EventTimeRangeSeparator":"","_EventOrganizerID":[],"_EventVenueID":[],"_OrganizerEmail":"","_OrganizerPhone":"","_OrganizerWebsite":"","_VenueAddress":"","_VenueCity":"","_VenueCountry":"","_VenueProvince":"","_VenueState":"","_VenueZip":"","_VenuePhone":"","_VenueURL":"","_VenueStateProvince":"","_VenueLat":"","_VenueLng":"","_VenueShowMap":false,"_VenueShowMapLink":false,"footnotes":""},"class_list":["post-8113","page","type-page","status-publish","hentry"],"_links":{"self":[{"href":"https:\/\/www.carillons.ch\/blog\/wp-json\/wp\/v2\/pages\/8113","targetHints":{"allow":["GET"]}}],"collection":[{"href":"https:\/\/www.carillons.ch\/blog\/wp-json\/wp\/v2\/pages"}],"about":[{"href":"https:\/\/www.carillons.ch\/blog\/wp-json\/wp\/v2\/types\/page"}],"author":[{"embeddable":true,"href":"https:\/\/www.carillons.ch\/blog\/wp-json\/wp\/v2\/users\/1"}],"replies":[{"embeddable":true,"href":"https:\/\/www.carillons.ch\/blog\/wp-json\/wp\/v2\/comments?post=8113"}],"version-history":[{"count":12,"href":"https:\/\/www.carillons.ch\/blog\/wp-json\/wp\/v2\/pages\/8113\/revisions"}],"predecessor-version":[{"id":12669,"href":"https:\/\/www.carillons.ch\/blog\/wp-json\/wp\/v2\/pages\/8113\/revisions\/12669"}],"wp:attachment":[{"href":"https:\/\/www.carillons.ch\/blog\/wp-json\/wp\/v2\/media?parent=8113"}],"curies":[{"name":"wp","href":"https:\/\/api.w.org\/{rel}","templated":true}]}}